{"id":88,"date":"2022-07-19T14:25:18","date_gmt":"2022-07-19T14:25:18","guid":{"rendered":"https:\/\/aid-kit.erasmus.site\/?page_id=88"},"modified":"2024-01-16T11:06:06","modified_gmt":"2024-01-16T11:06:06","slug":"partners","status":"publish","type":"page","link":"https:\/\/aid-kit.erasmus.site\/de\/partners\/","title":{"rendered":"Partner"},"content":{"rendered":"<p><\/p>\n<h3 style=\"text-align: center;\"><img fetchpriority=\"high\" decoding=\"async\" class=\"size-full wp-image-61 aligncenter\" src=\"https:\/\/aid-kit.erasmus.site\/wp-content\/uploads\/2022\/07\/iberika.png\" alt=\"\" width=\"300\" height=\"300\" srcset=\"https:\/\/aid-kit.erasmus.site\/wp-content\/uploads\/2022\/07\/iberika.png 300w, https:\/\/aid-kit.erasmus.site\/wp-content\/uploads\/2022\/07\/iberika-150x150.png 150w, https:\/\/aid-kit.erasmus.site\/wp-content\/uploads\/2022\/07\/iberika-24x24.png 24w, https:\/\/aid-kit.erasmus.site\/wp-content\/uploads\/2022\/07\/iberika-36x36.png 36w, https:\/\/aid-kit.erasmus.site\/wp-content\/uploads\/2022\/07\/iberika-48x48.png 48w\" sizes=\"(max-width: 300px) 100vw, 300px\" \/><br \/>\n<strong>Iberika Education Group GGMBH <\/strong>(Project Coordinator)<\/h3>\n<p>Die iberika education group gGmbH ist ein privater gemeinn\u00fctziger Anbieter von Erwachsenenbildung mit Sitz in Berlin, Deutschland. Gegr\u00fcndet 1996, verf\u00fcgt iberika \u00fcber umfangreiche Erfahrungen im Bereich des Spracherwerbs und des Managements von europ\u00e4ischen Projekten.<\/p>\n<p>Eine der drei Haupts\u00e4ulen von iberika ist die Entwicklung und Umsetzung von Sprachlern- und -lehrstrategien, die auf neuen digitalen Werkzeugen basieren. iberika organisiert und f\u00fchrt Kurse, Seminare, Workshops, Tagungen und \u00f6ffentliche Diskussionen in den Bereichen neue Lehr-\/Lernmethoden, Motivationsstrategien f\u00fcr Lehrkr\u00e4fte und Lernende sowie die Entwicklung und Einbeziehung au\u00dferschulischer Aspekte durch. iberika entwickelt und implementiert seit 2001 Lehr- und Lernpl\u00e4ne f\u00fcr viele Arten von Ausbildung. iberika ist seit 2007 an europ\u00e4ischen Projekten beteiligt und hat seitdem ein Netzwerk kompetenter Partnerinstitutionen aufgebaut und war erfolgreich bei Projektantr\u00e4gen, Berichten, Verbreitung und Evaluierung. In den letzten Jahren hat iberika an zahlreichen multilateralen Projekten aus dem Programm f\u00fcr lebenslanges Lernen teilgenommen und sich auf die Entwicklung von Erwachsenenbildungsinitiativen im Rahmen von Erasmus + konzentriert. iberika kooperiert mit dem Bundesamt f\u00fcr Migration und Fl\u00fcchtlinge und bietet Integrationskurse f\u00fcr Migrant*innen in Deutschland an. Diese bestehen aus Sprachkursen bis einschlie\u00dflich C1-Niveau, der Vermittlung von interkulturellem Wissen und der F\u00f6rderung der beruflichen Integration. Das Hauptziel von iberika ist es, Bildung zu f\u00f6rdern, Toleranz zu st\u00e4rken und Lehrkr\u00e4fte und Lernende f\u00fcr eine Strategie des lebenslangen Lernens zu motivieren.<\/p>\n<p><strong>Webseite: <\/strong><\/p>\n<p><a href=\"https:\/\/www.iberika-online.eu\/\">https:\/\/www.iberika-online.eu\/<\/a><\/p>\n<p><strong>Social Media:<\/strong><\/p>\n<p>Facebook: <a href=\"https:\/\/www.facebook.com\/berlin.iberika\">https:\/\/www.facebook.com\/berlin.iberika<\/a><\/p>\n<p>Instagram: <a href=\"https:\/\/www.instagram.com\/iberika_berlin\/\">https:\/\/www.instagram.com\/iberika_berlin\/<\/a><\/p>\n<p>Twitter: <a href=\"https:\/\/twitter.com\/iberika_berlin\">https:\/\/twitter.com\/iberika_berlin<\/a><\/p>\n<hr \/>\n<h3 style=\"text-align: center;\"><img decoding=\"async\" class=\"aligncenter wp-image-68 size-full\" src=\"https:\/\/aid-kit.erasmus.site\/wp-content\/uploads\/2022\/07\/danmar.png\" alt=\"\" width=\"300\" height=\"300\" srcset=\"https:\/\/aid-kit.erasmus.site\/wp-content\/uploads\/2022\/07\/danmar.png 300w, https:\/\/aid-kit.erasmus.site\/wp-content\/uploads\/2022\/07\/danmar-150x150.png 150w, https:\/\/aid-kit.erasmus.site\/wp-content\/uploads\/2022\/07\/danmar-24x24.png 24w, https:\/\/aid-kit.erasmus.site\/wp-content\/uploads\/2022\/07\/danmar-36x36.png 36w, https:\/\/aid-kit.erasmus.site\/wp-content\/uploads\/2022\/07\/danmar-48x48.png 48w\" sizes=\"(max-width: 300px) 100vw, 300px\" \/><br \/>\nDanmar Computers &#8211; Polen<\/h3>\n<p>Danmar Computers LLC ist ein privates Unternehmen, das auf dem Gebiet der Informationstechnologie t\u00e4tig ist und Berufsausbildungen in diesem Bereich anbietet. Danmar verf\u00fcgt \u00fcber umfangreiche Erfahrung in der Entwicklung moderner Web- und Mobilanwendungen, die zu Bildungszwecken eingesetzt werden. Danmar verf\u00fcgt auch \u00fcber langj\u00e4hrige Erfahrung in der Durchf\u00fchrung europ\u00e4ischer Projekte, in deren Rahmen das F&amp;E-Personal des Unternehmens Forschungen durchf\u00fchrt und Schulungen vorbereitet, die auf die Bed\u00fcrfnisse der verschiedenen Lernenden zugeschnitten sind. In 22 Jahren hat Danmar \u00fcber 100 Projekte im Rahmen von Grundtvig, Leonardo da Vinci, Progress und Erasmus+ erfolgreich durchgef\u00fchrt. Bei vielen dieser Projekte war Danmar f\u00fcr die Gestaltung und Koordinierung von Verbreitungsstrategien verantwortlich.<\/p>\n<p>Danmar Computers ist der Entwickler und Anbieter von AdminProject, dem Online-System f\u00fcr die Verwaltung europ\u00e4ischer Projekte. Alle Aktivit\u00e4ten des Unternehmens st\u00fctzen sich auf ein breites und gut etabliertes Kooperationsnetz, sowohl auf nationaler als auch auf internationaler Ebene. Zu den nationalen Netzwerken geh\u00f6ren Ausbildungs- und Beratungseinrichtungen, Universit\u00e4ten, Schulen, Nichtregierungsorganisationen sowie Unternehmen der Privatwirtschaft. Zu den internationalen Netzwerken geh\u00f6ren Partner mit unterschiedlichen Profilen aus allen L\u00e4ndern der Europ\u00e4ischen Union. Die Aufgabe von Danmar Computers ist die F\u00f6rderung des lebenslangen Lernens und die Sicherstellung eines gleichberechtigten Zugangs zur Bildung f\u00fcr alle durch den Einsatz moderner Technologie.<\/p>\n<p><strong>Webseite: <\/strong><\/p>\n<p><a href=\"https:\/\/danmar-computers.com.pl\">https:\/\/danmar-computers.com.pl<\/a><\/p>\n<p><strong>Social Media:<\/strong><\/p>\n<p>Facebook: <a href=\"https:\/\/www.facebook.com\/pages\/Danmar-Computers\/144597388897753\">https:\/\/www.facebook.com\/pages\/Danmar-Computers\/144597388897753<\/a><\/p>\n<p>LinkedIn: <a href=\"https:\/\/www.linkedin.com\/company\/danmar-computers\">https:\/\/www.linkedin.com\/company\/danmar-computers<\/a><\/p>\n<p>Twitter: <a href=\"https:\/\/twitter.com\/DanmarComputers\">https:\/\/twitter.com\/DanmarComputers<\/a><\/p>\n<hr \/>\n<h3 style=\"text-align: center;\"><img decoding=\"async\" class=\"alignnone wp-image-81 size-full\" src=\"https:\/\/aid-kit.erasmus.site\/wp-content\/uploads\/2022\/07\/bridge.png\" alt=\"\" width=\"300\" height=\"300\" srcset=\"https:\/\/aid-kit.erasmus.site\/wp-content\/uploads\/2022\/07\/bridge.png 300w, https:\/\/aid-kit.erasmus.site\/wp-content\/uploads\/2022\/07\/bridge-150x150.png 150w, https:\/\/aid-kit.erasmus.site\/wp-content\/uploads\/2022\/07\/bridge-24x24.png 24w, https:\/\/aid-kit.erasmus.site\/wp-content\/uploads\/2022\/07\/bridge-36x36.png 36w, https:\/\/aid-kit.erasmus.site\/wp-content\/uploads\/2022\/07\/bridge-48x48.png 48w\" sizes=\"(max-width: 300px) 100vw, 300px\" \/><br \/>\n<strong>Asociatia Bridge Language Study House<\/strong><\/h3>\n<p><a href=\"https:\/\/www.blsh.ro\/\">Bridge Language Study House Association <\/a>ist ein gemeinn\u00fctziger, nichtstaatlicher Verein, der 2002 in Cluj-Napoca gegr\u00fcndet wurde.<\/p>\n<p>BLSH f\u00fchrt verschiedene Aktivit\u00e4ten im Zusammenhang mit der Erwachsenen-, Berufs- und Kinderbildung durch: allgemeine Sprachkurse, insbesondere f\u00fcr Erwachsene; internationale Sprachpr\u00fcfungen und berufliche Qualifikationen (z. B. Pearson, TOEFL-iBT, TOEIC); innerbetriebliche Sprachausbildung; Sprach- und Robotikprogramme f\u00fcr Kinder, insbesondere in Form von Horten oder Clubs; Lehrerfortbildungsveranstaltungen, einschlie\u00dflich strukturierter Erasmus+-Kurse. BLSH beteiligte sich auch regelm\u00e4\u00dfig an europ\u00e4ischen und lokalen Projekten, einschlie\u00dflich strategischer Partnerschaften im Rahmen von Erasmus+ und dem fr\u00fcheren Programm f\u00fcr lebenslanges Lernen.<\/p>\n<hr \/>\n<h3 style=\"text-align: center;\"><img loading=\"lazy\" decoding=\"async\" class=\"alignnone wp-image-82 size-full\" src=\"https:\/\/aid-kit.erasmus.site\/wp-content\/uploads\/2022\/07\/sif.png\" alt=\"\" width=\"300\" height=\"300\" srcset=\"https:\/\/aid-kit.erasmus.site\/wp-content\/uploads\/2022\/07\/sif.png 300w, https:\/\/aid-kit.erasmus.site\/wp-content\/uploads\/2022\/07\/sif-150x150.png 150w, https:\/\/aid-kit.erasmus.site\/wp-content\/uploads\/2022\/07\/sif-24x24.png 24w, https:\/\/aid-kit.erasmus.site\/wp-content\/uploads\/2022\/07\/sif-36x36.png 36w, https:\/\/aid-kit.erasmus.site\/wp-content\/uploads\/2022\/07\/sif-48x48.png 48w\" sizes=\"(max-width: 300px) 100vw, 300px\" \/><br \/>\n<strong>Socialiniu Inovaciju Fondas<\/strong><\/h3>\n<p>Der Social Innovation Fund (SIF, www.lpf.lt) ist eine Nichtregierungsorganisation, die 1994 gegr\u00fcndet wurde, um Menschen mit geringeren Chancen und aus benachteiligten Verh\u00e4ltnissen zu helfen, ihr Leben durch die Bereitstellung von Bildungsm\u00f6glichkeiten, sozialer Unterst\u00fctzung, Informationen und Beratung positiv zu ver\u00e4ndern.<\/p>\n<p>Seit seiner Gr\u00fcndung arbeitet SIF mit verschiedenen sozial benachteiligten Gruppen: Langzeitarbeitslose, Behinderte, Alleinerziehende, Migrant*innen, Menschen in abgelegenen Gebieten und Frauen, die h\u00e4usliche Gewalt \u00fcberlebt haben. SIF bietet Hilfe und Unterst\u00fctzung f\u00fcr gering qualifizierte Erwachsene, die weniger Chancen in der Gesellschaft und auf dem Arbeitsmarkt haben, mit besonderem Schwerpunkt auf Frauen. Es zielt darauf ab, ihre soziale Eingliederung, ihre Besch\u00e4ftigungsf\u00e4higkeit und ihr Unternehmertum durch Schulungen, Beratung, Coaching und Mentoring zu f\u00f6rdern und zu ihrer Bef\u00e4higung beizutragen, damit sie kompetent und erfolgreich auf dem Arbeitsmarkt agieren k\u00f6nnen. SIF ist erfahren im Einsatz von IKT im Schulungs-\/Lernprozess und hat Erfahrung in der Entwicklung von Schulungsmethoden, die darauf ausgerichtet sind, digitale F\u00e4higkeiten, kreatives Denken und die wichtigsten Kompetenzen f\u00fcr Besch\u00e4ftigungsf\u00e4higkeit und soziale Integration zu entwickeln.<\/p>\n<p>SIF ist auf kommunaler, nationaler und europ\u00e4ischer\/internationaler Ebene t\u00e4tig und hat seit 1994 mehr als 100 europ\u00e4ische, nationale und internationale Projekte sowohl als Koordinator und\/oder Partner durchgef\u00fchrt.<\/p>\n<p><strong>Webseite: <\/strong><\/p>\n<p><a href=\"https:\/\/lpf.lt\">https:\/\/lpf.lt<\/a><\/p>\n<p><strong>Social Media:<\/strong><\/p>\n<p>Facebook: <a href=\"https:\/\/www.facebook.com\/SocialInnovationFund\/\">https:\/\/www.facebook.com\/SocialInnovationFund\/<\/a><\/p>\n<hr \/>\n<h3 style=\"text-align: center;\"><img loading=\"lazy\" decoding=\"async\" class=\"alignnone wp-image-84 size-full\" src=\"https:\/\/aid-kit.erasmus.site\/wp-content\/uploads\/2022\/07\/mht.png\" alt=\"\" width=\"300\" height=\"300\" srcset=\"https:\/\/aid-kit.erasmus.site\/wp-content\/uploads\/2022\/07\/mht.png 300w, https:\/\/aid-kit.erasmus.site\/wp-content\/uploads\/2022\/07\/mht-150x150.png 150w, https:\/\/aid-kit.erasmus.site\/wp-content\/uploads\/2022\/07\/mht-24x24.png 24w, https:\/\/aid-kit.erasmus.site\/wp-content\/uploads\/2022\/07\/mht-36x36.png 36w, https:\/\/aid-kit.erasmus.site\/wp-content\/uploads\/2022\/07\/mht-48x48.png 48w\" sizes=\"(max-width: 300px) 100vw, 300px\" \/><br \/>\n<strong>MHT Consult APS<\/strong><\/h3>\n<p>mhtconsult ist eine private und unabh\u00e4ngige Forschungs- und Entwicklungsorganisation, die im Dezember 2000 in der d\u00e4nischen Hauptstadtregion gegr\u00fcndet wurde. Mhtconsult fungiert als Netzwerkorganisation, indem es Aufgaben und Auftr\u00e4ge in enger Zusammenarbeit mit unabh\u00e4ngigen leitenden Freiberufler*innen oder Partnerorganisationen in einem soliden Netzwerk ausf\u00fchrt und so \u00fcber eine breite Palette von Kernkompetenzen verf\u00fcgt. Das Portfolio der Organisation umfasst Hunderte von Projekten, die von mehrj\u00e4hrigen Entwicklungsprojekten und gro\u00dfen Programmevaluierungen \u00fcber wissenschaftliche Forschung bis hin zu lang- und kurzfristigen Lehr-\/Ausbildungs-\/Lernprogrammen, Moderation von Organisationsentwicklung usw. reichen. Die meisten Auftr\u00e4ge werden durch Forschungsberichte, Methodenkataloge, Handb\u00fccher und Toolkits f\u00fcr Fachleute usw. ausf\u00fchrlich dokumentiert.<\/p>\n<p>Auf nationaler Ebene umfasste die Kundschaft ein breites Spektrum von Organisationen und Interessenvertretern, wie z. B. Regierungsstellen und nationale \u00f6ffentliche Einrichtungen, Beratungsgremien, regionale Beh\u00f6rden, Gemeinden, Arbeits\u00e4mter und Arbeitgeberverb\u00e4nde, Gewerkschaften, Bildungseinrichtungen und Sprachzentren, NROs usw. Auf transnationaler Ebene nahm mhtconsult sowohl als Koordinator als auch als Partner an vielen strategischen Partnerschaften und Mobilit\u00e4ten teil, die von der EU-Kommission kofinanziert wurden, und wir fungierten als externer Evaluator in mehreren EU-Projekten.<\/p>\n<p>Basierend auf den Schl\u00fcsselwerten der Vielfalt und der gleichberechtigten B\u00fcrgerschaft war mhtconsult stets bestrebt, eine Br\u00fccke zwischen Forschung und analytischem Wissen auf der einen Seite und Lern-\/Lehr-\/Ausbildungspraktiken und -methoden auf der anderen Seite innerhalb eines breiten Spektrums von Dienstleistungstypen und Berufsbereichen zu schlagen, darunter:<\/p>\n<p><strong>Dienstleistungen:<\/strong><\/p>\n<ul>\n<li>Forschung, Bewertung, Analyse und Berichterstattung<\/li>\n<li>Entwicklung und Dokumentation von p\u00e4dagogischen\/didaktischen Methoden und Toolboxen<\/li>\n<li>Bildungsprogramme, Lehr-\/Ausbildungs-\/Lernprozesse und Moderation<\/li>\n<li>Beratung, Kompetenzabkl\u00e4rung und Mentoring<\/li>\n<li>Projektentwicklung, Management und organisatorisches Lernen<\/li>\n<\/ul>\n<p>Berufliche T\u00e4tigkeitsfelder:<\/p>\n<ul>\n<li>Integration, interkulturelle Kommunikation und Diversity Management<\/li>\n<li>Gleiche Staatsb\u00fcrgerschaft, Chancengleichheit, Antidiskriminierung, demokratischer und kritischer Dialog<\/li>\n<li>Methoden zur Kompetenzentwicklung in Bezug auf informelle, nicht-formale und formale Bildung<\/li>\n<li>Bef\u00e4higung gef\u00e4hrdeter Jugendlicher und Erwachsener im Arbeitsleben und in sozialen Kontexten<\/li>\n<li>Integrativer Arbeitsmarkt, einschlie\u00dflich digitaler und unternehmerischer F\u00e4higkeiten f\u00fcr gef\u00e4hrdete Gruppen<\/li>\n<li>Wohlfahrtsentwicklung durch Partnerschaften zwischen dem \u00f6ffentlichen, privaten und freiwilligen Sektor<\/li>\n<\/ul>\n<p><strong>Webseite:<\/strong> https:\/\/<a href=\"http:\/\/www.mhtconsult.dk\">www.mhtconsult.dk<\/a><\/p>\n<p><strong>LinkedIn<\/strong>: https:\/\/<a href=\"http:\/\/www.linkedin.com\/in\/margit-helle-thomsen-mhtconsult-42652642\">www.linkedin.com\/in\/margit-helle-thomsen-mhtconsult-42652642<\/a><\/p>\n<p><strong>Facebook 1)<\/strong>: <a href=\"https:\/\/www.facebook.com\/mhtconsult\">https:\/\/www.facebook.com\/mhtconsult<\/a><\/p>\n<p><strong>Facebook 2)<\/strong>: <a href=\"https:\/\/www.facebook.com\/margithelle.thomsen\">https:\/\/www.facebook.com\/margithelle.thomsen<\/a><\/p>","protected":false},"excerpt":{"rendered":"<p>Iberika Education Group GGMBH (Project Coordinator) Die iberika education group gGmbH ist ein privater gemeinn\u00fctziger Anbieter von Erwachsenenbildung mit Sitz in Berlin, Deutschland. Gegr\u00fcndet 1996, verf\u00fcgt iberika \u00fcber umfangreiche Erfahrungen im Bereich des Spracherwerbs und des Managements von europ\u00e4ischen Projekten. Eine der drei Haupts\u00e4ulen von iberika ist die Entwicklung und Umsetzung von Sprachlern- und -lehrstrategien,&hellip;&nbsp;<\/p>\n","protected":false},"author":1,"featured_media":0,"parent":0,"menu_order":0,"comment_status":"closed","ping_status":"closed","template":"","meta":{"neve_meta_sidebar":"","neve_meta_container":"","neve_meta_enable_content_width":"off","neve_meta_content_width":100,"neve_meta_title_alignment":"","neve_meta_author_avatar":"","neve_post_elements_order":"","neve_meta_disable_header":"","neve_meta_disable_footer":"","neve_meta_disable_title":"","footnotes":""},"class_list":["post-88","page","type-page","status-publish","hentry"],"_links":{"self":[{"href":"https:\/\/aid-kit.erasmus.site\/de\/wp-json\/wp\/v2\/pages\/88","targetHints":{"allow":["GET"]}}],"collection":[{"href":"https:\/\/aid-kit.erasmus.site\/de\/wp-json\/wp\/v2\/pages"}],"about":[{"href":"https:\/\/aid-kit.erasmus.site\/de\/wp-json\/wp\/v2\/types\/page"}],"author":[{"embeddable":true,"href":"https:\/\/aid-kit.erasmus.site\/de\/wp-json\/wp\/v2\/users\/1"}],"replies":[{"embeddable":true,"href":"https:\/\/aid-kit.erasmus.site\/de\/wp-json\/wp\/v2\/comments?post=88"}],"version-history":[{"count":12,"href":"https:\/\/aid-kit.erasmus.site\/de\/wp-json\/wp\/v2\/pages\/88\/revisions"}],"predecessor-version":[{"id":359,"href":"https:\/\/aid-kit.erasmus.site\/de\/wp-json\/wp\/v2\/pages\/88\/revisions\/359"}],"wp:attachment":[{"href":"https:\/\/aid-kit.erasmus.site\/de\/wp-json\/wp\/v2\/media?parent=88"}],"curies":[{"name":"wp","href":"https:\/\/api.w.org\/{rel}","templated":true}]}}