{"id":395,"date":"2024-01-18T18:51:31","date_gmt":"2024-01-18T18:51:31","guid":{"rendered":"https:\/\/aid-kit.erasmus.site\/?page_id=395"},"modified":"2024-03-19T10:10:31","modified_gmt":"2024-03-19T10:10:31","slug":"teaching-examples-of-motivational-digital-tools","status":"publish","type":"page","link":"https:\/\/aid-kit.erasmus.site\/dk\/teaching-examples-of-motivational-digital-tools\/","title":{"rendered":"Undervisningseksempler p\u00e5 motiverende digitale v\u00e6rkt\u00f8jer"},"content":{"rendered":"<p>I alt er der 31 undervisningseksempler til 6 sprog: Engelsk, tysk, spansk, fransk, ungarsk og litauisk. Disse eksempler hj\u00e6lper l\u00e6rerne med at udforske praktiske eksempler p\u00e5, hvordan Canva, Edpuzzle, Quizlet, Studystack og Scorative l\u00f8fter sprogundervisningen og g\u00f8r den engagerende og interaktiv for b\u00e5de l\u00e6rere og elever.<\/p>\n<p><strong>Engelsk:<\/strong><\/p>\n<p><a href=\"https:\/\/aid-kit.erasmus.site\/wp-content\/uploads\/2024\/03\/Example-1-Studystack_EXERCISE-FOR-TEACHERS_ENGLISH-A1-COURSE-2.pdf\">Example 1 Studystack_EXERCISE FOR TEACHERS_ENGLISH A1 COURSE (2)<\/a><\/p>\n<p><a href=\"https:\/\/aid-kit.erasmus.site\/wp-content\/uploads\/2024\/03\/Example-8-Quizlet_EXERCISE-FOR-TEACHERS-English-A1-course-2.pdf\">Example 8 Quizlet_EXERCISE FOR TEACHERS English A1 course (2)<\/a><\/p>\n<p><a href=\"https:\/\/aid-kit.erasmus.site\/wp-content\/uploads\/2024\/03\/Example-9-Quizlet_EXERCISE-FOR-TEACHERS-English-A1-course-1.pdf\">Example 9 Quizlet_EXERCISE FOR TEACHERS English A1 course (1)<\/a><\/p>\n<p><a href=\"https:\/\/aid-kit.erasmus.site\/wp-content\/uploads\/2024\/03\/Example-6-Studystack_EXERCISE-FOR-TEACHERS_English-B2-course-1.pdf\">Example 6 Studystack_EXERCISE FOR TEACHERS_English B2 course (1)<\/a><\/p>\n<p><a href=\"https:\/\/aid-kit.erasmus.site\/wp-content\/uploads\/2024\/03\/Example-5-Studystack_EXERCISE-FOR-TEACHERS_English-A2-B1-course-1.pdf\">Example 5 Studystack_EXERCISE FOR TEACHERS_English A2-B1 course (1)<\/a><\/p>\n<p><a href=\"https:\/\/aid-kit.erasmus.site\/wp-content\/uploads\/2024\/03\/Example-5-Edpuzzle-EXERCISE-FOR-TEACHERS-ENGLISH-A2-COURSE-1.pdf\">Example 5 Edpuzzle EXERCISE FOR TEACHERS ENGLISH A2 COURSE (1)<\/a><\/p>\n<p><a href=\"https:\/\/aid-kit.erasmus.site\/wp-content\/uploads\/2024\/03\/Example-5-Canva_EXAMPLE-FOR-TEACHERS-English-A2-course-1-1.pdf\">Example 5 Canva_EXAMPLE FOR TEACHERS English A2 course (1) (1)<\/a><\/p>\n<p><a href=\"https:\/\/aid-kit.erasmus.site\/wp-content\/uploads\/2024\/03\/Example-4-SOCRATIVE_EXAMPLE-FOR-TEACHERS-English-A1-course-2-1.pdf\">Example 4 SOCRATIVE_EXAMPLE FOR TEACHERS English A1 course (2) (1)<\/a><\/p>\n<p><a href=\"https:\/\/aid-kit.erasmus.site\/wp-content\/uploads\/2024\/03\/Example-4-Canva_EXAMPLE-FOR-TEACHERS-English-A1-course-1-1.pdf\">Example 4 Canva_EXAMPLE FOR TEACHERS English A1 course (1) (1)<\/a><\/p>\n<p><a href=\"https:\/\/aid-kit.erasmus.site\/wp-content\/uploads\/2024\/03\/Example-4-Edpuzzle_EXAMPLE-FOR-TEACHERS_English-A1-course-1.pdf\">Example 4 Edpuzzle_EXAMPLE FOR TEACHERS_English A1 course (1)<\/a><\/p>\n<p><a href=\"https:\/\/aid-kit.erasmus.site\/wp-content\/uploads\/2024\/03\/Example-3.-Studystack_EXERCISE-FOR-TEACHERS_English-A1-Course-1.pdf\">Example 3. Studystack_EXERCISE FOR TEACHERS_English A1 Course (1)<\/a><\/p>\n<p><a href=\"https:\/\/aid-kit.erasmus.site\/wp-content\/uploads\/2024\/03\/Example-3.-Edpuzzle_EXAMPLE-FOR-TEACHERS_English-B2-course-1.pdf\">Example 3. Edpuzzle_EXAMPLE FOR TEACHERS_English B2 course (1)<\/a><\/p>\n<p><a href=\"https:\/\/aid-kit.erasmus.site\/wp-content\/uploads\/2024\/03\/Example-2.-Edpuzzle_EXAMPLE-FOR-TEACHERS_English-B2-course-1-1.pdf\">Example 2. Edpuzzle_EXAMPLE FOR TEACHERS_English B2 course (1) (1)<\/a><\/p>\n<p><a href=\"https:\/\/aid-kit.erasmus.site\/wp-content\/uploads\/2024\/03\/Example-3-Canva_EXAMPLE-FOR-TEACHERS-English-A1-course-1-1.pdf\">Example 3 Canva_EXAMPLE FOR TEACHERS English A1 course (1) (1)<\/a><\/p>\n<p><a href=\"https:\/\/aid-kit.erasmus.site\/wp-content\/uploads\/2024\/03\/Example-1.-Quizlet_EXERCISE-FOR-TEACHERS-English-A2-course-1.pdf\">Example 1. Quizlet_EXERCISE FOR TEACHERS English A2 course (1)<\/a><\/p>\n<p>&nbsp;<\/p>\n<p><strong>tysk:<\/strong><\/p>\n<p><a href=\"https:\/\/aid-kit.erasmus.site\/wp-content\/uploads\/2024\/03\/Example-6.-Quizlet_EXERCISE-FOR-TEACHERS-German-A1-course-1.pdf\">Example 6. Quizlet_EXERCISE FOR TEACHERS German A1 course (1)<\/a><\/p>\n<p><a href=\"https:\/\/aid-kit.erasmus.site\/wp-content\/uploads\/2024\/03\/Example-4-Quizlet_EXERCISE-FOR-TEACHERS-German-A1-course-1.pdf\">Example 4 Quizlet_EXERCISE FOR TEACHERS German A1 course (1)<\/a><\/p>\n<p><a href=\"https:\/\/aid-kit.erasmus.site\/wp-content\/uploads\/2024\/03\/Example-5-Quizlet_EXERCISE-FOR-TEACHERS-German-A1-course-1.pdf\">Example 5 Quizlet_EXERCISE FOR TEACHERS German A1 course (1)<\/a><\/p>\n<p><a href=\"https:\/\/aid-kit.erasmus.site\/wp-content\/uploads\/2024\/03\/Example-3-Quizlet_EXERCISE-FOR-TEACHERS-German-A1-course-1.pdf\">Example 3 Quizlet_EXERCISE FOR TEACHERS German A1 course (1)<\/a><\/p>\n<p><a href=\"https:\/\/aid-kit.erasmus.site\/wp-content\/uploads\/2024\/03\/Example-2-Socrative_EXAMPLE-FOR-TEACHERS-German-B1-course-1.pdf\">Example 2 Socrative_EXAMPLE FOR TEACHERS German B1 course (1)<\/a><\/p>\n<p><a href=\"https:\/\/aid-kit.erasmus.site\/wp-content\/uploads\/2024\/03\/Example-2-Quizlet_EXERCISE-FOR-TEACHERS-German-A1-course-1.pdf\">Example 2 Quizlet_EXERCISE FOR TEACHERS German A1 course (1)<\/a><\/p>\n<p><a href=\"https:\/\/aid-kit.erasmus.site\/wp-content\/uploads\/2024\/03\/EXAMPLE-1-.Canva_EXAMPLE-FOR-TEACHERS-German-A1-course-1-1-1.pdf\">EXAMPLE 1 .Canva_EXAMPLE FOR TEACHERS German A1 course (1) <\/a><\/p>\n<p><strong>spansk:<\/strong><\/p>\n<p><a href=\"https:\/\/aid-kit.erasmus.site\/wp-content\/uploads\/2024\/03\/EXAMPLE-2-Canva_EXAMPLE-FOR-TEACHERS-Spanish-A2-course-1-2.pdf\">EXAMPLE 2 Canva_EXAMPLE FOR TEACHERS Spanish A2 course <\/a><\/p>\n<p><a href=\"https:\/\/aid-kit.erasmus.site\/wp-content\/uploads\/2024\/03\/Example-1-Edpuzzle_EXAMPLE-FOR-TEACHERS_Spanish-A1-A2-course-1.pdf\">Example 1 Edpuzzle_EXAMPLE FOR TEACHERS_Spanish A1-A2 course (1)<\/a><\/p>\n<p><a href=\"https:\/\/aid-kit.erasmus.site\/wp-content\/uploads\/2024\/03\/Example-3-SOCRATIVE_EXAMPLE-FOR-TEACHERS-Spanish-A2-course-1.pdf\">Example 3 SOCRATIVE_EXAMPLE FOR TEACHERS Spanish A2 course (1)<\/a><\/p>\n<p><a href=\"https:\/\/aid-kit.erasmus.site\/wp-content\/uploads\/2024\/03\/Example-5.-SOCRATIVE_EXAMPLE-FOR-TEACHERS-Spanish-A1-course-1.pdf\">Example 5. SOCRATIVE_EXAMPLE FOR TEACHERS Spanish A1 course (1)<\/a><\/p>\n<p><strong>Litauisk<\/strong>:<\/p>\n<p><a href=\"https:\/\/aid-kit.erasmus.site\/wp-content\/uploads\/2024\/03\/Example-4-Studystack_EXERCISE-FOR-TEACHERS_Lithuanian-A1-course-1-1.pdf\">Example 4 Studystack_EXERCISE FOR TEACHERS_Lithuanian A1 course <\/a><\/p>\n<p><a href=\"https:\/\/aid-kit.erasmus.site\/wp-content\/uploads\/2024\/03\/Example-7-Quizlet_EXERCISE-FOR-TEACHERS-Lithuanian-A1-course-1.pdf\">Example 7 Quizlet_EXERCISE FOR TEACHERS Lithuanian A1 course (1)<\/a><\/p>\n<p><strong>fransk:<\/strong><\/p>\n<p><a href=\"https:\/\/aid-kit.erasmus.site\/wp-content\/uploads\/2024\/03\/Example-1-Socrative_French-A2_Grammar_Imperfect.pdf\">Example 1 Socrative_French A2_Grammar_Imperfect<\/a><\/p>\n<p><a href=\"https:\/\/aid-kit.erasmus.site\/wp-content\/uploads\/2024\/03\/Example-2-Studystack_EXERCISE-FOR-TEACHERS_French-B1-B2-Course-1.pdf\">Example 2 Studystack_EXERCISE FOR TEACHERS_French B1-B2 Course (1)<\/a><\/p>\n<p><strong>Ungarsk:<\/strong><\/p>\n<p><a href=\"https:\/\/aid-kit.erasmus.site\/wp-content\/uploads\/2024\/03\/Example-6-Socrative_EXAMPLE-FOR-TEACHERS-Hungarian-B2-course-1.pdf\">Example 6 Socrative_EXAMPLE FOR TEACHERS Hungarian B2 course (1)<\/a><\/p>","protected":false},"excerpt":{"rendered":"<p>I alt er der 31 undervisningseksempler til 6 sprog: Engelsk, tysk, spansk, fransk, ungarsk og litauisk. Disse eksempler hj\u00e6lper l\u00e6rerne med at udforske praktiske eksempler p\u00e5, hvordan Canva, Edpuzzle, Quizlet, Studystack og Scorative l\u00f8fter sprogundervisningen og g\u00f8r den engagerende og interaktiv for b\u00e5de l\u00e6rere og elever. Engelsk: Example 1 Studystack_EXERCISE FOR TEACHERS_ENGLISH A1 COURSE (2)&hellip;&nbsp;<\/p>\n","protected":false},"author":1,"featured_media":0,"parent":0,"menu_order":0,"comment_status":"closed","ping_status":"closed","template":"","meta":{"neve_meta_sidebar":"","neve_meta_container":"","neve_meta_enable_content_width":"off","neve_meta_content_width":100,"neve_meta_title_alignment":"","neve_meta_author_avatar":"","neve_post_elements_order":"","neve_meta_disable_header":"","neve_meta_disable_footer":"","neve_meta_disable_title":"","footnotes":""},"class_list":["post-395","page","type-page","status-publish","hentry"],"_links":{"self":[{"href":"https:\/\/aid-kit.erasmus.site\/dk\/wp-json\/wp\/v2\/pages\/395","targetHints":{"allow":["GET"]}}],"collection":[{"href":"https:\/\/aid-kit.erasmus.site\/dk\/wp-json\/wp\/v2\/pages"}],"about":[{"href":"https:\/\/aid-kit.erasmus.site\/dk\/wp-json\/wp\/v2\/types\/page"}],"author":[{"embeddable":true,"href":"https:\/\/aid-kit.erasmus.site\/dk\/wp-json\/wp\/v2\/users\/1"}],"replies":[{"embeddable":true,"href":"https:\/\/aid-kit.erasmus.site\/dk\/wp-json\/wp\/v2\/comments?post=395"}],"version-history":[{"count":5,"href":"https:\/\/aid-kit.erasmus.site\/dk\/wp-json\/wp\/v2\/pages\/395\/revisions"}],"predecessor-version":[{"id":674,"href":"https:\/\/aid-kit.erasmus.site\/dk\/wp-json\/wp\/v2\/pages\/395\/revisions\/674"}],"wp:attachment":[{"href":"https:\/\/aid-kit.erasmus.site\/dk\/wp-json\/wp\/v2\/media?parent=395"}],"curies":[{"name":"wp","href":"https:\/\/api.w.org\/{rel}","templated":true}]}}