{"id":88,"date":"2022-07-19T14:25:18","date_gmt":"2022-07-19T14:25:18","guid":{"rendered":"https:\/\/aid-kit.erasmus.site\/?page_id=88"},"modified":"2024-01-16T11:06:06","modified_gmt":"2024-01-16T11:06:06","slug":"partners","status":"publish","type":"page","link":"https:\/\/aid-kit.erasmus.site\/dk\/partners\/","title":{"rendered":"Partnere"},"content":{"rendered":"<p><\/p>\n<h3 style=\"text-align: center;\"><img fetchpriority=\"high\" decoding=\"async\" class=\"size-full wp-image-61 aligncenter\" src=\"https:\/\/aid-kit.erasmus.site\/wp-content\/uploads\/2022\/07\/iberika.png\" alt=\"\" width=\"300\" height=\"300\" srcset=\"https:\/\/aid-kit.erasmus.site\/wp-content\/uploads\/2022\/07\/iberika.png 300w, https:\/\/aid-kit.erasmus.site\/wp-content\/uploads\/2022\/07\/iberika-150x150.png 150w, https:\/\/aid-kit.erasmus.site\/wp-content\/uploads\/2022\/07\/iberika-24x24.png 24w, https:\/\/aid-kit.erasmus.site\/wp-content\/uploads\/2022\/07\/iberika-36x36.png 36w, https:\/\/aid-kit.erasmus.site\/wp-content\/uploads\/2022\/07\/iberika-48x48.png 48w\" sizes=\"(max-width: 300px) 100vw, 300px\" \/><br \/>\n<strong>Iberika Education Group GGMBH <\/strong>(Project Coordinator)<\/h3>\n<p>Iberika education group gGmbH er en privat non-profit voksenuddannelsesudbyder med basis i Berlin, Tyskland. Iberika er grundlagt i 1996 og har stor erfaring med sprogundervisning og ledelse af europ\u00e6iske projekter.<\/p>\n<p>En af Iberikas tre hoveds\u00f8jler er at udvikle og implementere sprogl\u00e6rings- og undervisningsstrategier p\u00e5 grundlag af nye digitale v\u00e6rkt\u00f8jer. Iberika organiserer og implementerer kurser, seminarer, workshops, m\u00f8der og offentlige diskussioner inden for omr\u00e5derne: nye undervisnings- og l\u00e6ringsmetoder, motivationsstrategier for undervisere og elever samt udvikling og inklusion af ekstracurrikul\u00e6re aspekter. Iberika har udviklet og implementeret undervisnings- og l\u00e6ringsplaner i relation til mange forskellige tr\u00e6ningsformer siden 2001. Iberika har v\u00e6ret involveret i europ\u00e6iske projekter siden 2007. Lige siden har organisationen opbygget et netv\u00e6rk af kompetente partnerinstitutioner og haft succes med projektans\u00f8gninger, rapporter, formidling og evaluering. I de seneste \u00e5r har Iberika deltaget i adskillige multilaterale projekter inden for programmet for livslang l\u00e6ring og endvidere fokuseret p\u00e5 at udvikle voksenuddannelsesinitiativer i tilknytning til Erasmus+. Iberika samarbejder med Federal Office for Migration and Refugees og tilbyder integrationskurser for indvandrere i Tyskland. Kurserne omfatter sprogkurser til og med C1-niveau samt undervisning i interkulturel viden og fremme af faglig integration. Hovedform\u00e5let med Iberika er at fremme uddannelse, \u00f8ge tolerancen og motivere undervisere og elever til en livslang l\u00e6ringsstrategi.<\/p>\n<p><strong>Hjemmeside:<\/strong><\/p>\n<p><a href=\"https:\/\/www.iberika-online.eu\/\">https:\/\/www.iberika-online.eu\/<\/a><\/p>\n<p><strong>Sociale Medier:<\/strong><\/p>\n<p>Facebook: <a href=\"https:\/\/www.facebook.com\/berlin.iberika\">https:\/\/www.facebook.com\/berlin.iberika<\/a><\/p>\n<p>Instagram: <a href=\"https:\/\/www.instagram.com\/iberika_berlin\/\">https:\/\/www.instagram.com\/iberika_berlin\/<\/a><\/p>\n<p>Twitter: <a href=\"https:\/\/twitter.com\/iberika_berlin\">https:\/\/twitter.com\/iberika_berlin<\/a><\/p>\n<hr \/>\n<h3 style=\"text-align: center;\"><img decoding=\"async\" class=\"aligncenter wp-image-68 size-full\" src=\"https:\/\/aid-kit.erasmus.site\/wp-content\/uploads\/2022\/07\/danmar.png\" alt=\"\" width=\"300\" height=\"300\" srcset=\"https:\/\/aid-kit.erasmus.site\/wp-content\/uploads\/2022\/07\/danmar.png 300w, https:\/\/aid-kit.erasmus.site\/wp-content\/uploads\/2022\/07\/danmar-150x150.png 150w, https:\/\/aid-kit.erasmus.site\/wp-content\/uploads\/2022\/07\/danmar-24x24.png 24w, https:\/\/aid-kit.erasmus.site\/wp-content\/uploads\/2022\/07\/danmar-36x36.png 36w, https:\/\/aid-kit.erasmus.site\/wp-content\/uploads\/2022\/07\/danmar-48x48.png 48w\" sizes=\"(max-width: 300px) 100vw, 300px\" \/><br \/>\n<strong>Danmar Computers \u2013 Polen<\/strong><\/h3>\n<p>Danmar Computers LLC er en privat virksomhed, der opererer inden for informationsteknologi og leverer erhvervsuddannelse inden for dette omr\u00e5de. Danmar har stor erfaring med at udvikle moderne web- og mobilapplikationer, der anvendes til uddannelsesform\u00e5l. Danmar har ogs\u00e5 mange\u00e5rig erfaring med at gennemf\u00f8re europ\u00e6iske projekter, hvor virksomhedens R&amp;D-medarbejdere udf\u00f8rer forskning og forbereder tr\u00e6ning skr\u00e6ddersyet til forskellige elevgruppers behov. I l\u00f8bet af 22 \u00e5r har Danmar med succes gennemf\u00f8rt over 100 projekter inden for Grundtvig, Leonardo da Vinci, Progress og Erasmus+. I mange af disse projekter har Danmar v\u00e6ret ansvarlig for at designe og koordinere formidlingsstrategier.<\/p>\n<p>Danmar Computers er udvikler og udbyder af AdminProject, onlinesystemet til styring af europ\u00e6iske projekter. Alle virksomhedens aktiviteter er baseret p\u00e5 et bredt og veletableret samarbejdsnetv\u00e6rk p\u00e5 b\u00e5de nationalt og internationalt plan. De nationale netv\u00e6rk omfatter uddannelses- og r\u00e5dgivningsinstitutioner, universiteter, skoler, ikke-statslige organisationer samt virksomheder i den private sektor. Internationale netv\u00e6rk omfatter partnere med forskellige profiler, der kommer fra alle EU-lande. Danmar Computers mission er at fremme livslang uddannelse og sikre lige adgang til uddannelse for alle ved brug af moderne teknologi.<\/p>\n<p><strong>Hjemmeside:<\/strong><\/p>\n<p><a href=\"https:\/\/danmar-computers.com.pl\">https:\/\/danmar-computers.com.pl<\/a><\/p>\n<p><strong>Sociale Medier:<\/strong><\/p>\n<p>Facebook: <a href=\"https:\/\/www.facebook.com\/pages\/Danmar-Computers\/144597388897753\">https:\/\/www.facebook.com\/pages\/Danmar-Computers\/144597388897753<\/a><\/p>\n<p>LinkedIn: <a href=\"https:\/\/www.linkedin.com\/company\/danmar-computers\">https:\/\/www.linkedin.com\/company\/danmar-computers<\/a><\/p>\n<p>Twitter: <a href=\"https:\/\/twitter.com\/DanmarComputers\">https:\/\/twitter.com\/DanmarComputers<\/a><\/p>\n<hr \/>\n<h3 style=\"text-align: center;\"><img decoding=\"async\" class=\"alignnone wp-image-81 size-full\" src=\"https:\/\/aid-kit.erasmus.site\/wp-content\/uploads\/2022\/07\/bridge.png\" alt=\"\" width=\"300\" height=\"300\" srcset=\"https:\/\/aid-kit.erasmus.site\/wp-content\/uploads\/2022\/07\/bridge.png 300w, https:\/\/aid-kit.erasmus.site\/wp-content\/uploads\/2022\/07\/bridge-150x150.png 150w, https:\/\/aid-kit.erasmus.site\/wp-content\/uploads\/2022\/07\/bridge-24x24.png 24w, https:\/\/aid-kit.erasmus.site\/wp-content\/uploads\/2022\/07\/bridge-36x36.png 36w, https:\/\/aid-kit.erasmus.site\/wp-content\/uploads\/2022\/07\/bridge-48x48.png 48w\" sizes=\"(max-width: 300px) 100vw, 300px\" \/><br \/>\n<strong>Asociatia Bridge Language Study House<\/strong><\/h3>\n<p><a href=\"https:\/\/www.blsh.ro\/\">Bridge Language Study House Association<\/a>\u00a0er en non-profit, ikke-statslig forening, som blev etableret i 2002 i Cluj-Napoca.<\/p>\n<p>BLSH udf\u00f8rer forskellige aktiviteter inden for voksenuddannelse, erhvervsuddannelse samt b\u00f8rn- og ungeuddannelse: generelle sprogkurser specielt for voksne; international sprogeksamen og erhvervskvalifikation (f.eks. Pearson, TOEFL-iBT, TOEIC); intern sprogundervisning; sprog- og robotprogrammer for b\u00f8rn, is\u00e6r rettet mod efterskoler og klubber; l\u00e6reruddannelsesarrangementer, herunder Erasmus+ strukturerede kurser. BLSH deltager desuden regelm\u00e6ssigt i europ\u00e6iske og lokale projekter, herunder Erasmus+ strategiske partnerskaber og det tidligere program for livslang l\u00e6ring.<\/p>\n<hr \/>\n<h3 style=\"text-align: center;\"><img loading=\"lazy\" decoding=\"async\" class=\"alignnone wp-image-82 size-full\" src=\"https:\/\/aid-kit.erasmus.site\/wp-content\/uploads\/2022\/07\/sif.png\" alt=\"\" width=\"300\" height=\"300\" srcset=\"https:\/\/aid-kit.erasmus.site\/wp-content\/uploads\/2022\/07\/sif.png 300w, https:\/\/aid-kit.erasmus.site\/wp-content\/uploads\/2022\/07\/sif-150x150.png 150w, https:\/\/aid-kit.erasmus.site\/wp-content\/uploads\/2022\/07\/sif-24x24.png 24w, https:\/\/aid-kit.erasmus.site\/wp-content\/uploads\/2022\/07\/sif-36x36.png 36w, https:\/\/aid-kit.erasmus.site\/wp-content\/uploads\/2022\/07\/sif-48x48.png 48w\" sizes=\"(max-width: 300px) 100vw, 300px\" \/><br \/>\n<strong>Socialiniu Inovaciju Fondas<\/strong><\/h3>\n<p>Social Innovation Fund (SIF, www.lpf.lt) er en ikke-statslig organisation, etableret i 1994 med sigte p\u00e5 at hj\u00e6lpe mennesker med f\u00e6rre muligheder og fra d\u00e5rligt stillede milj\u00f8er til at foretage positive \u00e6ndringer i deres liv gennem tilbud om uddannelsesmuligheder, social st\u00f8tte, information og r\u00e5d.<\/p>\n<p>Siden oprettelsen har SIF arbejdet med forskellige socialt udsatte grupper: langtidsledige, handicappede, enlige for\u00e6ldre, indvandrere, mennesker bosat i fjerntliggende omr\u00e5der, kvindelige ofre for vold i hjemmet. SIF yder hj\u00e6lp og bistand til lavtuddannede voksne med f\u00e6rre muligheder i samfundet og p\u00e5 arbejdsmarkedet med s\u00e6rligt fokus p\u00e5 kvinder. M\u00e5let er at fremme deres sociale inklusion, besk\u00e6ftigelsesparathed samt iv\u00e6rks\u00e6tteri gennem uddannelse, vejledning, coaching og mentoring. M\u00e5let er endvidere at bidrage til deres empowerment og kapacitetsopbygning til at blive kompetente og succesfulde p\u00e5 arbejdsmarkedet. SIF har erfaring med at bruge IKT inden for undervisnings- og l\u00e6ringsprocesser og har erfaring med at udvikle undervisningsmetoder, der er orienteret mod at udvikle digitale f\u00e6rdigheder, kreativ t\u00e6nkning samt kernekompetencer i relation til besk\u00e6ftigelsesparathed og social inklusion.<\/p>\n<p>SIF opererer b\u00e5de p\u00e5 lokalt, nationalt og europ\u00e6isk\/internationalt niveau og har siden 1994 implementeret mere end 100 europ\u00e6iske, nationale og internationale projekter b\u00e5de som koordinator og\/eller partner.<\/p>\n<p><strong>Hjemmeside:<\/strong><\/p>\n<p><a href=\"https:\/\/lpf.lt\">https:\/\/lpf.lt<\/a><\/p>\n<p><strong>Sociale Medier:<\/strong><\/p>\n<p>Facebook: <a href=\"https:\/\/www.facebook.com\/SocialInnovationFund\/\">https:\/\/www.facebook.com\/SocialInnovationFund\/<\/a><\/p>\n<hr \/>\n<h3 style=\"text-align: center;\"><img loading=\"lazy\" decoding=\"async\" class=\"alignnone wp-image-84 size-full\" src=\"https:\/\/aid-kit.erasmus.site\/wp-content\/uploads\/2022\/07\/mht.png\" alt=\"\" width=\"300\" height=\"300\" srcset=\"https:\/\/aid-kit.erasmus.site\/wp-content\/uploads\/2022\/07\/mht.png 300w, https:\/\/aid-kit.erasmus.site\/wp-content\/uploads\/2022\/07\/mht-150x150.png 150w, https:\/\/aid-kit.erasmus.site\/wp-content\/uploads\/2022\/07\/mht-24x24.png 24w, https:\/\/aid-kit.erasmus.site\/wp-content\/uploads\/2022\/07\/mht-36x36.png 36w, https:\/\/aid-kit.erasmus.site\/wp-content\/uploads\/2022\/07\/mht-48x48.png 48w\" sizes=\"(max-width: 300px) 100vw, 300px\" \/><br \/>\n<strong>MHT Consult APS<\/strong><\/h3>\n<p>mhtconsult er en privat og uafh\u00e6ngig forsknings- og udviklingsvirksomhed, grundlagt i december 2000 i Hovedstadsregionen, Danmark. Mhtconsult fungerer som en netv\u00e6rksorganisation ved at udf\u00f8re projekter og opgaver i t\u00e6t samspil med selvst\u00e6ndige seniorkonsulenter eller partnerorganisationer i et solidt netv\u00e6rk &#8211; og har derved en bred vifte af kernekompetencer til r\u00e5dighed. Virksomhedens portef\u00f8lje omfatter hundredvis af projekter, der sp\u00e6nder fra fler\u00e5rige udviklingsprojekter og st\u00f8rre programevalueringer til anvendte forskningsprojekter og videre til b\u00e5de langsigtede og kortsigtede undervisnings-\/tr\u00e6nings-\/l\u00e6ringsprogrammer, facilitering af organisatorisk udvikling mv. De fleste projekter og opgaver er dokumenteret gennem forskningsrapporter, metodekataloger, h\u00e5ndb\u00f8ger og v\u00e6rkt\u00f8jskasser til fagfolk mv.<\/p>\n<p>P\u00e5 nationalt plan omfatter klientellet en bred vifte af organisationer og interessenter s\u00e5som statslige myndigheder og nationale offentlige styrelser, r\u00e5dgivende organer, regionale og kommunale myndigheder, arbejdsgiverforeninger og fagforeninger, uddannelsesinstitutioner og sprogcentre, NGO&#8217;er mv. P\u00e5 det tv\u00e6rnationale og europ\u00e6iske plan har mhtconsult deltaget b\u00e5de som koordinator og partner i mange strategiske partnerskaber og mobilitetsprojekter med st\u00f8tte fra EU-Kommissionen &#8211; og herudover fungeret som ekstern evaluator i flere EU-projekter.<\/p>\n<p>Med udgangspunkt i n\u00f8glev\u00e6rdierne diversitet og ligev\u00e6rdigt medborgerskab har mhtconsult altid haft til form\u00e5l at bygge bro mellem forskning og analytisk viden p\u00e5 den ene side \u2013 og p\u00e5 den anden side l\u00e6ring\/undervisning\/tr\u00e6ningspraksis samt metodeudvikling inden for en bred vifte af ydelsestyper og fagomr\u00e5der, herunder:<\/p>\n<p><strong>Ydelsestyper:<\/strong><\/p>\n<p>&#8211; Research, evaluering, analyse og rapportering<br \/>\n&#8211; Udvikling og dokumentation af p\u00e6dagogisk-didaktiske metoder og v\u00e6rkt\u00f8jskasser<br \/>\n&#8211; Uddannelsesprogrammer og facilitering af undervisnings- og l\u00e6ringsprocesser<br \/>\n&#8211; Vejledning, kompetenceafklaring og mentorskab<br \/>\n&#8211; Projektudvikling, projektledelse og organisatorisk l\u00e6ring<\/p>\n<p>Faglige omr\u00e5der:<br \/>\n&#8211; Integration, interkulturel kommunikation og mangfoldighedsledelse<br \/>\n&#8211; Ligev\u00e6rdigt medborgerskab, lige muligheder, antidiskrimination, demokratisk og kritisk dialog<br \/>\n&#8211; Metoder til kompetenceudvikling i relation til uformel, ikke-formel og formel uddannelse<br \/>\n&#8211; Empowerment af udsatte unge og voksne i arbejdsliv og sociale sammenh\u00e6nge.<br \/>\n&#8211; Et rummeligt og inkluderende arbejdsmarked, herunder digitale kompetencer og iv\u00e6rks\u00e6tterkompetencer for udsatte grupper<br \/>\n&#8211; Velf\u00e6rdsudvikling gennem partnerskaber mellem den offentlige, private og frivillige sektor<\/p>\n<p>Hjemmeside: https:\/\/<a href=\"http:\/\/www.mhtconsult.dk\">www.mhtconsult.dk<\/a><\/p>\n<p><strong>LinkedIn<\/strong>: https:\/\/<a href=\"http:\/\/www.linkedin.com\/in\/margit-helle-thomsen-mhtconsult-42652642\">www.linkedin.com\/in\/margit-helle-thomsen-mhtconsult-42652642<\/a><\/p>\n<p><strong>Facebook 1)<\/strong>: <a href=\"https:\/\/www.facebook.com\/mhtconsult\">https:\/\/www.facebook.com\/mhtconsult<\/a><\/p>\n<p><strong>Facebook 2)<\/strong>: <a href=\"https:\/\/www.facebook.com\/margithelle.thomsen\">https:\/\/www.facebook.com\/margithelle.thomsen<\/a><\/p>","protected":false},"excerpt":{"rendered":"<p>Iberika Education Group GGMBH (Project Coordinator) Iberika education group gGmbH er en privat non-profit voksenuddannelsesudbyder med basis i Berlin, Tyskland. Iberika er grundlagt i 1996 og har stor erfaring med sprogundervisning og ledelse af europ\u00e6iske projekter. En af Iberikas tre hoveds\u00f8jler er at udvikle og implementere sprogl\u00e6rings- og undervisningsstrategier p\u00e5 grundlag af nye digitale v\u00e6rkt\u00f8jer.&hellip;&nbsp;<\/p>\n","protected":false},"author":1,"featured_media":0,"parent":0,"menu_order":0,"comment_status":"closed","ping_status":"closed","template":"","meta":{"neve_meta_sidebar":"","neve_meta_container":"","neve_meta_enable_content_width":"off","neve_meta_content_width":100,"neve_meta_title_alignment":"","neve_meta_author_avatar":"","neve_post_elements_order":"","neve_meta_disable_header":"","neve_meta_disable_footer":"","neve_meta_disable_title":"","footnotes":""},"class_list":["post-88","page","type-page","status-publish","hentry"],"_links":{"self":[{"href":"https:\/\/aid-kit.erasmus.site\/dk\/wp-json\/wp\/v2\/pages\/88","targetHints":{"allow":["GET"]}}],"collection":[{"href":"https:\/\/aid-kit.erasmus.site\/dk\/wp-json\/wp\/v2\/pages"}],"about":[{"href":"https:\/\/aid-kit.erasmus.site\/dk\/wp-json\/wp\/v2\/types\/page"}],"author":[{"embeddable":true,"href":"https:\/\/aid-kit.erasmus.site\/dk\/wp-json\/wp\/v2\/users\/1"}],"replies":[{"embeddable":true,"href":"https:\/\/aid-kit.erasmus.site\/dk\/wp-json\/wp\/v2\/comments?post=88"}],"version-history":[{"count":12,"href":"https:\/\/aid-kit.erasmus.site\/dk\/wp-json\/wp\/v2\/pages\/88\/revisions"}],"predecessor-version":[{"id":359,"href":"https:\/\/aid-kit.erasmus.site\/dk\/wp-json\/wp\/v2\/pages\/88\/revisions\/359"}],"wp:attachment":[{"href":"https:\/\/aid-kit.erasmus.site\/dk\/wp-json\/wp\/v2\/media?parent=88"}],"curies":[{"name":"wp","href":"https:\/\/api.w.org\/{rel}","templated":true}]}}