{"id":88,"date":"2022-07-19T14:25:18","date_gmt":"2022-07-19T14:25:18","guid":{"rendered":"https:\/\/aid-kit.erasmus.site\/?page_id=88"},"modified":"2024-01-16T11:06:06","modified_gmt":"2024-01-16T11:06:06","slug":"partners","status":"publish","type":"page","link":"https:\/\/aid-kit.erasmus.site\/lt\/partners\/","title":{"rendered":"Partneriai"},"content":{"rendered":"<p><\/p>\n<h3 style=\"text-align: center;\"><img fetchpriority=\"high\" decoding=\"async\" class=\"size-full wp-image-61 aligncenter\" src=\"https:\/\/aid-kit.erasmus.site\/wp-content\/uploads\/2022\/07\/iberika.png\" alt=\"\" width=\"300\" height=\"300\" srcset=\"https:\/\/aid-kit.erasmus.site\/wp-content\/uploads\/2022\/07\/iberika.png 300w, https:\/\/aid-kit.erasmus.site\/wp-content\/uploads\/2022\/07\/iberika-150x150.png 150w, https:\/\/aid-kit.erasmus.site\/wp-content\/uploads\/2022\/07\/iberika-24x24.png 24w, https:\/\/aid-kit.erasmus.site\/wp-content\/uploads\/2022\/07\/iberika-36x36.png 36w, https:\/\/aid-kit.erasmus.site\/wp-content\/uploads\/2022\/07\/iberika-48x48.png 48w\" sizes=\"(max-width: 300px) 100vw, 300px\" \/><br \/>\nIberika Education Group GGMBH (Projekto koordinatorius)<\/h3>\n<p>&#8222;iberika education group gGmbH&#8221; yra privati ne pelno siekianti suaugusi\u0173j\u0173 \u0161vietimo paslaug\u0173 teik\u0117ja, \u012fsik\u016brusi Berlyne, Vokietijoje. \u012ekurta 1996 m., &#8222;iberika&#8221; turi daug patirties kalb\u0173 mokymosi ir Europini\u0173 projekt\u0173 valdymo srityje.<\/p>\n<p>Vienas i\u0161 trij\u0173 pagrindini\u0173 &#8222;iberika&#8221; rams\u010di\u0173 &#8211; kurti ir \u012fgyvendinti kalb\u0173 mokymosi ir mokymo strategijas, paremtas naujomis skaitmenin\u0117mis priemon\u0117mis. iberika organizuoja ir \u012fgyvendina kursus, seminarus, praktinius u\u017esi\u0117mimus, susitikimus ir vie\u0161as diskusijas nauj\u0173 mokymo ir (arba) mokymosi metod\u0173, d\u0117stytoj\u0173 ir besimokan\u010di\u0173j\u0173 motyvacijos strategij\u0173, taip pat u\u017eklasin\u0117s veiklos aspekt\u0173 pl\u0117tojimo ir \u012ftraukimo srityse. Nuo 2001 m. &#8222;iberika&#8221; rengia ir \u012fgyvendina \u012fvairi\u0173 r\u016b\u0161i\u0173 mokymo ir mokymosi programas. Nuo 2007 m. &#8222;iberika&#8221; dalyvauja Europos projektuose ir per t\u0105 laik\u0105 suk\u016br\u0117 kompetenting\u0173 partneri\u0173 institucij\u0173 tinkl\u0105, s\u0117kmingai teikia projekt\u0173 parai\u0161kas, ataskaitas, organizuoja sklaidos veiklas ir vertinimo proced\u016bras. Pastaraisiais metais &#8222;iberika&#8221; dalyvavo daugelyje daugia\u0161ali\u0173 Mokymosi vis\u0105 gyvenim\u0105 programos projekt\u0173 ir daugiausia d\u0117mesio skyr\u0117 suaugusi\u0173j\u0173 \u0161vietimo iniciatyv\u0173 pl\u0117tojimui pagal program\u0105 &#8222;Erasmus +&#8221;. iberika bendradarbiauja su Federaline migracijos ir pab\u0117g\u0117li\u0173 tarnyba ir si\u016blo integracijos kursus migrantams Vokietijoje. Juos sudaro kalb\u0173 kursai iki C1 lygio imtinai, tarpkult\u016brini\u0173 \u017eini\u0173 mokymas ir profesin\u0117s integracijos skatinimas. Pagrindinis &#8222;iberika&#8221; tikslas &#8211; skatinti \u0161vietim\u0105, didinti tolerancij\u0105 ir motyvuoti d\u0117stytojus bei besimokan\u010diuosius mokymosi vis\u0105 gyvenim\u0105 strategijai.<\/p>\n<p><strong>Tinklalapis:<\/strong><\/p>\n<p><a href=\"https:\/\/www.iberika-online.eu\/\">https:\/\/www.iberika-online.eu\/<\/a><\/p>\n<p><strong>Socialiniai tinklai:<\/strong><\/p>\n<p>Facebook: <a href=\"https:\/\/www.facebook.com\/berlin.iberika\">https:\/\/www.facebook.com\/berlin.iberika<\/a><\/p>\n<p>Instagram: <a href=\"https:\/\/www.instagram.com\/iberika_berlin\/\">https:\/\/www.instagram.com\/iberika_berlin\/<\/a><\/p>\n<p>Twitter: <a href=\"https:\/\/twitter.com\/iberika_berlin\">https:\/\/twitter.com\/iberika_berlin<\/a><\/p>\n<hr \/>\n<h3 style=\"text-align: center;\"><img decoding=\"async\" class=\"aligncenter wp-image-68 size-full\" src=\"https:\/\/aid-kit.erasmus.site\/wp-content\/uploads\/2022\/07\/danmar.png\" alt=\"\" width=\"300\" height=\"300\" srcset=\"https:\/\/aid-kit.erasmus.site\/wp-content\/uploads\/2022\/07\/danmar.png 300w, https:\/\/aid-kit.erasmus.site\/wp-content\/uploads\/2022\/07\/danmar-150x150.png 150w, https:\/\/aid-kit.erasmus.site\/wp-content\/uploads\/2022\/07\/danmar-24x24.png 24w, https:\/\/aid-kit.erasmus.site\/wp-content\/uploads\/2022\/07\/danmar-36x36.png 36w, https:\/\/aid-kit.erasmus.site\/wp-content\/uploads\/2022\/07\/danmar-48x48.png 48w\" sizes=\"(max-width: 300px) 100vw, 300px\" \/><br \/>\nDanmar Computers \u2013 Lenkija<\/h3>\n<p>&#8222;Danmar Computers LLC&#8221; yra privati \u012fmon\u0117, veikianti informacini\u0173 technologij\u0173 srityje ir teikianti \u0161ios srities profesinio mokymo paslaugas. Bendrov\u0117 &#8222;Danmar&#8221; turi daug patirties kuriant modernias interneto ir mobili\u0105sias taikom\u0105sias programas, kurios naudojamos \u0161vietimo tikslais. Be to, &#8222;Danmar&#8221; turi ilgamet\u0119 patirt\u012f vykdant europinius projektus, pagal kuriuos bendrov\u0117s MTTP darbuotojai atlieka mokslinius tyrimus ir rengia mokymus, pritaikytus \u012fvairi\u0173 besimokan\u010di\u0173j\u0173 poreikiams. Per 22 metus &#8222;Danmar&#8221; s\u0117kmingai \u012fgyvendino daugiau kaip 100 projekt\u0173 pagal programas &#8222;Grundtvig&#8221;, &#8222;Leonardo da Vinci&#8221;, &#8222;Progress&#8221; ir &#8222;Erasmus+&#8221;. Daugelyje \u0161i\u0173 projekt\u0173 &#8222;Danmar&#8221; buvo atsakinga u\u017e sklaidos strategij\u0173 k\u016brim\u0105 ir koordinavim\u0105.<\/p>\n<p>Bendrov\u0117 &#8222;Danmar Computers&#8221; yra internetin\u0117s Europini\u0173 projekt\u0173 valdymo sistemos &#8222;AdminProject&#8221; k\u016br\u0117ja ir tiek\u0117ja. Visa bendrov\u0117s veikla grind\u017eiama pla\u010diu ir gerai i\u0161pl\u0117totu bendradarbiavimo tinklu tiek nacionaliniu, tiek tarptautiniu lygmeniu. Nacionaliniai tinklai apima mokymo ir konsultavimo \u012fstaigas, universitetus, mokyklas, nevyriausybines organizacijas, taip pat privataus sektoriaus \u012fmones. Tarptautinius tinklus sudaro \u012fvairaus profilio partneriai i\u0161 vis\u0173 Europos S\u0105jungos \u0161ali\u0173. Danmar Computers misija &#8211; skatinti mokym\u0105si vis\u0105 gyvenim\u0105 ir u\u017etikrinti lygias galimybes visiems \u012fgyti i\u0161silavinim\u0105 naudojant \u0161iuolaikines technologijas.<\/p>\n<p><strong>Tinklalapis:<\/strong><\/p>\n<p><a href=\"https:\/\/danmar-computers.com.pl\">https:\/\/danmar-computers.com.pl<\/a><\/p>\n<p><strong>Socialiniai tinklai:<\/strong><\/p>\n<p>Facebook: <a href=\"https:\/\/www.facebook.com\/pages\/Danmar-Computers\/144597388897753\">https:\/\/www.facebook.com\/pages\/Danmar-Computers\/144597388897753<\/a><\/p>\n<p>LinkedIn: <a href=\"https:\/\/www.linkedin.com\/company\/danmar-computers\">https:\/\/www.linkedin.com\/company\/danmar-computers<\/a><\/p>\n<p>Twitter: <a href=\"https:\/\/twitter.com\/DanmarComputers\">https:\/\/twitter.com\/DanmarComputers<\/a><\/p>\n<hr \/>\n<h3 style=\"text-align: center;\"><img decoding=\"async\" class=\"alignnone wp-image-81 size-full\" src=\"https:\/\/aid-kit.erasmus.site\/wp-content\/uploads\/2022\/07\/bridge.png\" alt=\"\" width=\"300\" height=\"300\" srcset=\"https:\/\/aid-kit.erasmus.site\/wp-content\/uploads\/2022\/07\/bridge.png 300w, https:\/\/aid-kit.erasmus.site\/wp-content\/uploads\/2022\/07\/bridge-150x150.png 150w, https:\/\/aid-kit.erasmus.site\/wp-content\/uploads\/2022\/07\/bridge-24x24.png 24w, https:\/\/aid-kit.erasmus.site\/wp-content\/uploads\/2022\/07\/bridge-36x36.png 36w, https:\/\/aid-kit.erasmus.site\/wp-content\/uploads\/2022\/07\/bridge-48x48.png 48w\" sizes=\"(max-width: 300px) 100vw, 300px\" \/><br \/>\n<strong>Asociatia Bridge Language Study House<\/strong><\/h3>\n<p><a href=\"https:\/\/www.blsh.ro\/\">Bridge Language Study House Association\u00a0<\/a>yra ne pelno siekianti nevyriausybin\u0117 asociacija, \u012fkurta 2002 m. Klu\u017ee-Napokoje.<\/p>\n<p>BLSH vykdo \u012fvairi\u0105 veikl\u0105, susijusi\u0105 su suaugusi\u0173j\u0173, profesiniu ir vaik\u0173 \u0161vietimu: bendr\u0173j\u0173 kalb\u0173 kursai, ypa\u010d suaugusiesiems; tarptautiniai kalb\u0173 egzaminai ir profesin\u0117s kvalifikacijos k\u0117limas (pvz., Pearson, TOEFL-iBT, TOEIC); vidiniai kalb\u0173 mokymai; kalb\u0173 ir robotikos programos vaikams, ypa\u010d popamokin\u0117s ar b\u016breli\u0173 forma; mokytoj\u0173 kvalifikacijos k\u0117limo renginiai, \u012fskaitant &#8222;Erasmus+&#8221; strukt\u016brinius kursus. BLSH taip pat nuolat dalyvauja Europos ir nacionaliniuose projektuose, \u012fskaitant &#8222;Erasmus+&#8221; strategines partnerystes ir buvusi\u0105 Mokymosi vis\u0105 gyvenim\u0105 program\u0105.<\/p>\n<hr \/>\n<h3 style=\"text-align: center;\"><img loading=\"lazy\" decoding=\"async\" class=\"alignnone wp-image-82 size-full\" src=\"https:\/\/aid-kit.erasmus.site\/wp-content\/uploads\/2022\/07\/sif.png\" alt=\"\" width=\"300\" height=\"300\" srcset=\"https:\/\/aid-kit.erasmus.site\/wp-content\/uploads\/2022\/07\/sif.png 300w, https:\/\/aid-kit.erasmus.site\/wp-content\/uploads\/2022\/07\/sif-150x150.png 150w, https:\/\/aid-kit.erasmus.site\/wp-content\/uploads\/2022\/07\/sif-24x24.png 24w, https:\/\/aid-kit.erasmus.site\/wp-content\/uploads\/2022\/07\/sif-36x36.png 36w, https:\/\/aid-kit.erasmus.site\/wp-content\/uploads\/2022\/07\/sif-48x48.png 48w\" sizes=\"(max-width: 300px) 100vw, 300px\" \/><br \/>\n<strong>Socialiniu Inovaciju Fondas<\/strong><\/h3>\n<p>Socialini\u0173 inovacij\u0173 fondas (SIF, www.lpf.lt) yra nevyriausybin\u0117 organizacija, \u012fkurta 1994 m., kurios tikslas &#8211; pad\u0117ti ma\u017eiau galimybi\u0173 turintiems ir nepalankioje pad\u0117tyje esantiems \u017emon\u0117ms siekti teigiam\u0173 poky\u010di\u0173 j\u0173 gyvenime, suteikiant jiems \u0161vietimo galimybes, socialin\u0119 param\u0105, informacij\u0105 ir konsultacijas.<\/p>\n<p>Nuo pat \u012fk\u016brimo SIF dirba su \u012fvairiomis socialiai pa\u017eeid\u017eiamomis grup\u0117mis: ilgalaikiais bedarbiais, ne\u012fgaliaisiais, vieni\u0161ais t\u0117vais, migrantais, atoki\u0173 vietovi\u0173 gyventojais, smurt\u0105 \u0161eimoje patyrusiomis moterimis. SIF teikia pagalb\u0105 ir param\u0105 \u017eemos kvalifikacijos suaugusiesiems, turintiems ma\u017eiau galimybi\u0173 visuomen\u0117je ir darbo rinkoje, ypating\u0105 d\u0117mes\u012f skiriant moterims. Jis siekia skatinti j\u0173 socialin\u0119 \u012ftraukt\u012f, \u012fsidarbinimo galimybes ir verslum\u0105 teikiant mokymo, fasilitavimo, konsultavimo ir mentoryst\u0117s paslaugas, taip pat prisid\u0117ti prie j\u0173 \u012fgalinimo ir geb\u0117jim\u0173 ugdymo, kad jie b\u016bt\u0173 kompetentingi ir s\u0117kmingai dalyvaut\u0173 darbo rinkoje. SIF yra sukaup\u0119s IRT naudojimo mokymo ir (arba) mokymosi procese patirt\u012f ir turi patirties kuriant mokymo metodus, skirtus skaitmeniniams \u012fg\u016bd\u017eiams, k\u016brybi\u0161kam m\u0105stymui ir pagrindin\u0117ms \u012fsidarbinimo ir socialin\u0117s \u012ftraukties kompetencijoms ugdyti.<\/p>\n<p>SIF veikia bendruomen\u0117s, nacionaliniu ir Europiniu ir (arba) tarptautiniu lygmenimis ir nuo 1994 m. kaip koordinatorius ir (arba) partneris yra \u012fgyvendin\u0119s daugiau kaip 100 Europini\u0173, nacionalini\u0173 ir tarptautini\u0173 projekt\u0173.<\/p>\n<p><strong>Tinklalapis:<\/strong><\/p>\n<p><a href=\"https:\/\/lpf.lt\">https:\/\/lpf.lt<\/a><\/p>\n<p><strong>Socialiniai tinklai:<\/strong><\/p>\n<p>Facebook: <a href=\"https:\/\/www.facebook.com\/SocialInnovationFund\/\">https:\/\/www.facebook.com\/SocialInnovationFund\/<\/a><\/p>\n<hr \/>\n<h3 style=\"text-align: center;\"><img loading=\"lazy\" decoding=\"async\" class=\"alignnone wp-image-84 size-full\" src=\"https:\/\/aid-kit.erasmus.site\/wp-content\/uploads\/2022\/07\/mht.png\" alt=\"\" width=\"300\" height=\"300\" srcset=\"https:\/\/aid-kit.erasmus.site\/wp-content\/uploads\/2022\/07\/mht.png 300w, https:\/\/aid-kit.erasmus.site\/wp-content\/uploads\/2022\/07\/mht-150x150.png 150w, https:\/\/aid-kit.erasmus.site\/wp-content\/uploads\/2022\/07\/mht-24x24.png 24w, https:\/\/aid-kit.erasmus.site\/wp-content\/uploads\/2022\/07\/mht-36x36.png 36w, https:\/\/aid-kit.erasmus.site\/wp-content\/uploads\/2022\/07\/mht-48x48.png 48w\" sizes=\"(max-width: 300px) 100vw, 300px\" \/><br \/>\n<strong>MHT Consult APS<\/strong><\/h3>\n<p>&#8222;mhtconsult&#8221; yra privati ir nepriklausoma mokslini\u0173 tyrim\u0173 ir pl\u0117tros organizacija, \u012fkurta 2000 m. gruod\u012f Danijos sostin\u0117s regione. &#8222;Mhtconsult&#8221; veikia kaip tinklin\u0117 organizacija, atliekanti u\u017eduotis ir pavedimus glaud\u017eiai bendradarbiaudama su nepriklausomais patyrusiais laisvai samdomais darbuotojais arba partneri\u0173 organizacijomis, priklausan\u010diomis tvirtam tinklui, tod\u0117l disponuoja pla\u010diu pagrindini\u0173 kompetencij\u0173 spektru. Organizacijos portfel\u012f sudaro \u0161imtai projekt\u0173 &#8211; nuo daugiame\u010di\u0173 pl\u0117tros projekt\u0173 ir svarbi\u0173 program\u0173 vertinim\u0173 iki mokslini\u0173 tyrim\u0173 ir tolesni\u0173 ilgalaiki\u0173 ir trumpalaiki\u0173 mokymo ir (arba) mokymosi program\u0173, organizacin\u0117s pl\u0117tros palengvinimo ir t. t. Dauguma u\u017eduo\u010di\u0173 i\u0161samiai dokumentuojamos tyrim\u0173 ataskaitose, metodologiniuose kataloguose, vadovuose, specialistams skirtuose priemoni\u0173 rinkiniuose ir kt.<\/p>\n<p>Nacionaliniu lygmeniu klientai buvo \u012fvairios organizacijos ir suinteresuotosios \u0161alys, pavyzd\u017eiui, vyriausyb\u0117s departamentai ir nacionalin\u0117s vie\u0161osios agent\u016bros, patariamosios institucijos, regionin\u0117s vald\u017eios institucijos, savivaldyb\u0117s, darbo bir\u017eos ir darbdavi\u0173 asociacijos, profesin\u0117s s\u0105jungos, \u0161vietimo \u012fstaigos ir kalb\u0173 centrai, nevyriausybin\u0117s organizacijos ir kt. Tarptautiniu lygmeniu &#8222;mhtconsult&#8221; dalyvavo kaip koordinator\u0117 ir partner\u0117 daugelyje ES Komisijos bendrai finansuojam\u0173 strategini\u0173 partnerys\u010di\u0173 ir mobilumo projekt\u0173, taip pat keliuose ES projektuose atliko i\u0161or\u0117s vertintojo funkcijas.<\/p>\n<p>Remdamasi pagrindin\u0117mis \u012fvairov\u0117s ir lygiateisi\u0161kumo vertyb\u0117mis, &#8222;mhtconsult&#8221; visada siek\u0117 nutiesti tilt\u0105 tarp mokslini\u0173 tyrim\u0173 ir analitini\u0173 \u017eini\u0173 ir, kita vertus, mokymosi ir mokymo praktikos bei metodik\u0173 \u012fvairiose paslaug\u0173 r\u016b\u0161yse ir profesin\u0117se srityse, \u012fskaitant:<\/p>\n<p>Paslaugos:<\/p>\n<ul>\n<li>Tyrimai, vertinimas, analiz\u0117 ir ataskait\u0173 teikimas<\/li>\n<li>Pedagogini\u0173\/didaktini\u0173 metodik\u0173 ir priemoni\u0173 rinkini\u0173 k\u016brimas ir dokumentavimas<\/li>\n<li>\u0160vietimo programos, mokymo\/mokymo\/mokymosi procesai ir fasilitavimas<\/li>\n<li>Konsultavimas, kompetencij\u0173 i\u0161ai\u0161kinimas ir mentoryst\u0117<\/li>\n<li>Projekt\u0173 rengimas, valdymas ir organizacinis mokymasis<\/li>\n<\/ul>\n<p>Profesin\u0117s sritys:<\/p>\n<ul>\n<li>Integracija, tarpkult\u016brin\u0117 komunikacija ir \u012fvairov\u0117s valdymas<\/li>\n<li>Lygus pilieti\u0161kumas, lygios galimyb\u0117s, nediskriminavimas, demokratinis ir kritinis dialogas<\/li>\n<li>Kompetencijos ugdymo metodikos, susijusios su neformaliuoju, savaiminiu ir formaliuoju \u0161vietimu<\/li>\n<li>Pa\u017eeid\u017eiamo jaunimo ir suaugusi\u0173j\u0173 \u012fgalinimas profesinio gyvenimo ir socialiniame kontekste.<\/li>\n<li>\u012etrauki darbo rinka, \u012fskaitant pa\u017eeid\u017eiam\u0173 grupi\u0173 skaitmeninius ir verslumo \u012fg\u016bd\u017eius<\/li>\n<li>Gerov\u0117s vystymas pasitelkiant vie\u0161ojo, privataus ir savanori\u0161kojo sektori\u0173 partneryst\u0119<\/li>\n<\/ul>\n<p><strong>Tinklalapis:<\/strong> https:\/\/<a href=\"http:\/\/www.mhtconsult.dk\">www.mhtconsult.dk<\/a><\/p>\n<p><strong>LinkedIn<\/strong>: https:\/\/<a href=\"http:\/\/www.linkedin.com\/in\/margit-helle-thomsen-mhtconsult-42652642\">www.linkedin.com\/in\/margit-helle-thomsen-mhtconsult-42652642<\/a><\/p>\n<p><strong>Facebook 1)<\/strong>: <a href=\"https:\/\/www.facebook.com\/mhtconsult\">https:\/\/www.facebook.com\/mhtconsult<\/a><\/p>\n<p><strong>Facebook 2)<\/strong>: <a href=\"https:\/\/www.facebook.com\/margithelle.thomsen\">https:\/\/www.facebook.com\/margithelle.thomsen<\/a><\/p>","protected":false},"excerpt":{"rendered":"<p>Iberika Education Group GGMBH (Projekto koordinatorius) &#8222;iberika education group gGmbH&#8221; yra privati ne pelno siekianti suaugusi\u0173j\u0173 \u0161vietimo paslaug\u0173 teik\u0117ja, \u012fsik\u016brusi Berlyne, Vokietijoje. \u012ekurta 1996 m., &#8222;iberika&#8221; turi daug patirties kalb\u0173 mokymosi ir Europini\u0173 projekt\u0173 valdymo srityje. Vienas i\u0161 trij\u0173 pagrindini\u0173 &#8222;iberika&#8221; rams\u010di\u0173 &#8211; kurti ir \u012fgyvendinti kalb\u0173 mokymosi ir mokymo strategijas, paremtas naujomis skaitmenin\u0117mis priemon\u0117mis.&hellip;&nbsp;<\/p>\n","protected":false},"author":1,"featured_media":0,"parent":0,"menu_order":0,"comment_status":"closed","ping_status":"closed","template":"","meta":{"neve_meta_sidebar":"","neve_meta_container":"","neve_meta_enable_content_width":"off","neve_meta_content_width":100,"neve_meta_title_alignment":"","neve_meta_author_avatar":"","neve_post_elements_order":"","neve_meta_disable_header":"","neve_meta_disable_footer":"","neve_meta_disable_title":"","footnotes":""},"class_list":["post-88","page","type-page","status-publish","hentry"],"_links":{"self":[{"href":"https:\/\/aid-kit.erasmus.site\/lt\/wp-json\/wp\/v2\/pages\/88","targetHints":{"allow":["GET"]}}],"collection":[{"href":"https:\/\/aid-kit.erasmus.site\/lt\/wp-json\/wp\/v2\/pages"}],"about":[{"href":"https:\/\/aid-kit.erasmus.site\/lt\/wp-json\/wp\/v2\/types\/page"}],"author":[{"embeddable":true,"href":"https:\/\/aid-kit.erasmus.site\/lt\/wp-json\/wp\/v2\/users\/1"}],"replies":[{"embeddable":true,"href":"https:\/\/aid-kit.erasmus.site\/lt\/wp-json\/wp\/v2\/comments?post=88"}],"version-history":[{"count":12,"href":"https:\/\/aid-kit.erasmus.site\/lt\/wp-json\/wp\/v2\/pages\/88\/revisions"}],"predecessor-version":[{"id":359,"href":"https:\/\/aid-kit.erasmus.site\/lt\/wp-json\/wp\/v2\/pages\/88\/revisions\/359"}],"wp:attachment":[{"href":"https:\/\/aid-kit.erasmus.site\/lt\/wp-json\/wp\/v2\/media?parent=88"}],"curies":[{"name":"wp","href":"https:\/\/api.w.org\/{rel}","templated":true}]}}