{"id":88,"date":"2022-07-19T14:25:18","date_gmt":"2022-07-19T14:25:18","guid":{"rendered":"https:\/\/aid-kit.erasmus.site\/?page_id=88"},"modified":"2024-01-16T11:06:06","modified_gmt":"2024-01-16T11:06:06","slug":"partners","status":"publish","type":"page","link":"https:\/\/aid-kit.erasmus.site\/pl\/partners\/","title":{"rendered":"Partnerzy"},"content":{"rendered":"<p><\/p>\n<h3 style=\"text-align: center;\"><img fetchpriority=\"high\" decoding=\"async\" class=\"size-full wp-image-61 aligncenter\" src=\"https:\/\/aid-kit.erasmus.site\/wp-content\/uploads\/2022\/07\/iberika.png\" alt=\"\" width=\"300\" height=\"300\" srcset=\"https:\/\/aid-kit.erasmus.site\/wp-content\/uploads\/2022\/07\/iberika.png 300w, https:\/\/aid-kit.erasmus.site\/wp-content\/uploads\/2022\/07\/iberika-150x150.png 150w, https:\/\/aid-kit.erasmus.site\/wp-content\/uploads\/2022\/07\/iberika-24x24.png 24w, https:\/\/aid-kit.erasmus.site\/wp-content\/uploads\/2022\/07\/iberika-36x36.png 36w, https:\/\/aid-kit.erasmus.site\/wp-content\/uploads\/2022\/07\/iberika-48x48.png 48w\" sizes=\"(max-width: 300px) 100vw, 300px\" \/><br \/>\n<strong>Iberika Education Group GGMBH <\/strong>(Koordynator projektu)<\/h3>\n<p>iberika education group gGmbH, jest prywatn\u0105 firm\u0105 non-profit zajmuj\u0105c\u0105 si\u0119 edukacj\u0105 doros\u0142ych z siedzib\u0105 w Berlinie, Niemcy. Za\u0142o\u017cona w 1996 roku, iberika ma bogate do\u015bwiadczenie w nabywaniu j\u0119zyk\u00f3w i zarz\u0105dzaniu projektami europejskimi.<\/p>\n<p>Jednym z trzech g\u0142\u00f3wnych filar\u00f3w iberiki jest opracowywanie i wdra\u017canie strategii uczenia si\u0119 i nauczania j\u0119zyk\u00f3w obcych w oparciu o nowe narz\u0119dzia cyfrowe. iberika organizuje i wdra\u017ca kursy, seminaria, warsztaty, spotkania i dyskusje publiczne w zakresie nowych metod nauczania\/uczenia si\u0119, strategii motywacyjnych dla trener\u00f3w i ucz\u0105cych si\u0119, a tak\u017ce rozwoju i w\u0142\u0105czania aspekt\u00f3w pozaszkolnych. iberika opracowuje i wdra\u017ca programy nauczania i uczenia si\u0119 dla wielu rodzaj\u00f3w szkole\u0144 od 2001 roku. iberika uczestniczy w projektach europejskich od 2007 roku i od tego czasu stworzy\u0142a sie\u0107 kompetentnych instytucji partnerskich i odnios\u0142a sukces w aplikacjach projektowych, raportach, rozpowszechnianiu i ewaluacji. W ostatnich latach iberika uczestniczy\u0142a w licznych projektach wielostronnych z programu Uczenie si\u0119 przez ca\u0142e \u017cycie&#8221; i skupi\u0142a si\u0119 na rozwijaniu inicjatyw w zakresie edukacji doros\u0142ych w kontek\u015bcie programu Erasmus +. iberika wsp\u00f3\u0142pracuje z Federalnym Urz\u0119dem ds. Migracji i Uchod\u017ac\u00f3w i oferuje kursy integracyjne dla migrant\u00f3w w Niemczech. Sk\u0142adaj\u0105 si\u0119 one z kurs\u00f3w j\u0119zykowych do poziomu C1 w\u0142\u0105cznie, ucz\u0105cych wiedzy mi\u0119dzykulturowej i promuj\u0105cych integracj\u0119 zawodow\u0105. G\u0142\u00f3wnym celem iberiki jest promowanie edukacji, zwi\u0119kszanie tolerancji oraz motywowanie trener\u00f3w i ucz\u0105cych si\u0119 do strategii uczenia si\u0119 przez ca\u0142e \u017cycie.&#8221;<\/p>\n<p><strong>Strona internetowa:<\/strong><\/p>\n<p><a href=\"https:\/\/www.iberika-online.eu\/\">https:\/\/www.iberika-online.eu\/<\/a><\/p>\n<p><strong>Media spo\u0142eczno\u015bciowe:<\/strong><\/p>\n<p>Facebook: <a href=\"https:\/\/www.facebook.com\/berlin.iberika\">https:\/\/www.facebook.com\/berlin.iberika<\/a><\/p>\n<p>Instagram: <a href=\"https:\/\/www.instagram.com\/iberika_berlin\/\">https:\/\/www.instagram.com\/iberika_berlin\/<\/a><\/p>\n<p>Twitter: <a href=\"https:\/\/twitter.com\/iberika_berlin\">https:\/\/twitter.com\/iberika_berlin<\/a><\/p>\n<hr \/>\n<h3 style=\"text-align: center;\"><img decoding=\"async\" class=\"aligncenter wp-image-68 size-full\" src=\"https:\/\/aid-kit.erasmus.site\/wp-content\/uploads\/2022\/07\/danmar.png\" alt=\"\" width=\"300\" height=\"300\" srcset=\"https:\/\/aid-kit.erasmus.site\/wp-content\/uploads\/2022\/07\/danmar.png 300w, https:\/\/aid-kit.erasmus.site\/wp-content\/uploads\/2022\/07\/danmar-150x150.png 150w, https:\/\/aid-kit.erasmus.site\/wp-content\/uploads\/2022\/07\/danmar-24x24.png 24w, https:\/\/aid-kit.erasmus.site\/wp-content\/uploads\/2022\/07\/danmar-36x36.png 36w, https:\/\/aid-kit.erasmus.site\/wp-content\/uploads\/2022\/07\/danmar-48x48.png 48w\" sizes=\"(max-width: 300px) 100vw, 300px\" \/><br \/>\nDanmar Computers &#8211; Polska<\/h3>\n<p>Danmar Computers LLC jest prywatn\u0105 firm\u0105 dzia\u0142aj\u0105c\u0105 w dziedzinie technologii informacyjnych i zapewniaj\u0105c\u0105 szkolenia zawodowe w tej dziedzinie. Danmar posiada bogate do\u015bwiadczenie w tworzeniu nowoczesnych aplikacji internetowych i mobilnych, kt\u00f3re s\u0105 wykorzystywane do cel\u00f3w edukacyjnych. Danmar posiada r\u00f3wnie\u017c wieloletnie do\u015bwiadczenie w realizacji projekt\u00f3w europejskich, w ramach kt\u00f3rych pracownicy dzia\u0142u R&amp;D firmy prowadz\u0105 badania i przygotowuj\u0105 szkolenia dostosowane do potrzeb r\u00f3\u017cnych s\u0142uchaczy. W ci\u0105gu 22 lat Danmar z powodzeniem zrealizowa\u0142 ponad 100 projekt\u00f3w w ramach program\u00f3w Grundtvig, Leonardo da Vinci, Progress oraz Erasmus+. W wielu z tych projekt\u00f3w Danmar by\u0142 odpowiedzialny za projektowanie i koordynacj\u0119 strategii upowszechniania.<\/p>\n<p>Danmar Computers jest tw\u00f3rc\u0105 i dostawc\u0105 AdminProject, systemu online do zarz\u0105dzania projektami europejskimi. Wszystkie dzia\u0142ania firmy oparte s\u0105 na szerokiej i dobrze rozwini\u0119tej sieci wsp\u00f3\u0142pracy, zar\u00f3wno na poziomie krajowym jak i mi\u0119dzynarodowym. Sieci krajowe obejmuj\u0105 instytucje szkoleniowe i doradcze, uniwersytety, szko\u0142y, organizacje pozarz\u0105dowe, a tak\u017ce firmy z sektora prywatnego. Sieci mi\u0119dzynarodowe obejmuj\u0105 partner\u00f3w o r\u00f3\u017cnym profilu, pochodz\u0105cych z ka\u017cdego kraju Unii Europejskiej. Misj\u0105 Danmar Computer jest promocja edukacji przez ca\u0142e \u017cycie oraz zapewnienie r\u00f3wnego dost\u0119pu do edukacji dla wszystkich z wykorzystaniem nowoczesnych technologii.<\/p>\n<p><strong>Strona internetowa:<\/strong><\/p>\n<p><a href=\"https:\/\/danmar-computers.com.pl\">https:\/\/danmar-computers.com.pl<\/a><\/p>\n<p><strong>Media spo\u0142eczno\u015bciowe:<\/strong><\/p>\n<p>Facebook: <a href=\"https:\/\/www.facebook.com\/pages\/Danmar-Computers\/144597388897753\">https:\/\/www.facebook.com\/pages\/Danmar-Computers\/144597388897753<\/a><\/p>\n<p>LinkedIn: <a href=\"https:\/\/www.linkedin.com\/company\/danmar-computers\">https:\/\/www.linkedin.com\/company\/danmar-computers<\/a><\/p>\n<p>Twitter: <a href=\"https:\/\/twitter.com\/DanmarComputers\">https:\/\/twitter.com\/DanmarComputers<\/a><\/p>\n<hr \/>\n<h3 style=\"text-align: center;\"><img decoding=\"async\" class=\"alignnone wp-image-81 size-full\" src=\"https:\/\/aid-kit.erasmus.site\/wp-content\/uploads\/2022\/07\/bridge.png\" alt=\"\" width=\"300\" height=\"300\" srcset=\"https:\/\/aid-kit.erasmus.site\/wp-content\/uploads\/2022\/07\/bridge.png 300w, https:\/\/aid-kit.erasmus.site\/wp-content\/uploads\/2022\/07\/bridge-150x150.png 150w, https:\/\/aid-kit.erasmus.site\/wp-content\/uploads\/2022\/07\/bridge-24x24.png 24w, https:\/\/aid-kit.erasmus.site\/wp-content\/uploads\/2022\/07\/bridge-36x36.png 36w, https:\/\/aid-kit.erasmus.site\/wp-content\/uploads\/2022\/07\/bridge-48x48.png 48w\" sizes=\"(max-width: 300px) 100vw, 300px\" \/><br \/>\n<strong>Asociatia Bridge Language Study House<\/strong><\/h3>\n<p><a href=\"https:\/\/www.blsh.ro\/\">Stowarzyszenie Bridge Language Study House<\/a>\u00a0jest pozarz\u0105dowym stowarzyszeniem non-profit, kt\u00f3re powsta\u0142o w 2002 roku w Cluj-Napoca.<\/p>\n<p>BLSH prowadzi r\u00f3\u017cnorodn\u0105 dzia\u0142alno\u015b\u0107 zwi\u0105zan\u0105 z edukacj\u0105 doros\u0142ych, zawodow\u0105 i dzieci: kursy j\u0119zyka og\u00f3lnego szczeg\u00f3lnie dla doros\u0142ych; mi\u0119dzynarodowe egzaminy j\u0119zykowe i kwalifikacje zawodowe (np. Pearson, TOEFL-iBT, TOEIC); wewn\u0119trzne szkolenia j\u0119zykowe; programy j\u0119zykowe i robotyka dla dzieci szczeg\u00f3lnie w formie zaj\u0119\u0107 pozaszkolnych lub klub\u00f3w; wydarzenia zwi\u0105zane z kszta\u0142ceniem nauczycieli, w tym kursy strukturalne Erasmus+. BLSH utrzymywa\u0142 r\u00f3wnie\u017c sta\u0142y udzia\u0142 w projektach europejskich i lokalnych, w tym w Partnerstwach Strategicznych Erasmus+ oraz w dawnym programie Uczenie si\u0119 przez ca\u0142e \u017cycie&#8221;.&#8221;<\/p>\n<hr \/>\n<h3 style=\"text-align: center;\"><img loading=\"lazy\" decoding=\"async\" class=\"alignnone wp-image-82 size-full\" src=\"https:\/\/aid-kit.erasmus.site\/wp-content\/uploads\/2022\/07\/sif.png\" alt=\"\" width=\"300\" height=\"300\" srcset=\"https:\/\/aid-kit.erasmus.site\/wp-content\/uploads\/2022\/07\/sif.png 300w, https:\/\/aid-kit.erasmus.site\/wp-content\/uploads\/2022\/07\/sif-150x150.png 150w, https:\/\/aid-kit.erasmus.site\/wp-content\/uploads\/2022\/07\/sif-24x24.png 24w, https:\/\/aid-kit.erasmus.site\/wp-content\/uploads\/2022\/07\/sif-36x36.png 36w, https:\/\/aid-kit.erasmus.site\/wp-content\/uploads\/2022\/07\/sif-48x48.png 48w\" sizes=\"(max-width: 300px) 100vw, 300px\" \/><br \/>\n<strong>Socialiniu Inovaciju Fondas<\/strong><\/h3>\n<p>Fundusz Innowacji Spo\u0142ecznej (SIF, www.lpf.lt) jest organizacj\u0105 pozarz\u0105dow\u0105, za\u0142o\u017con\u0105 w 1994 roku w celu pomocy osobom o mniejszych mo\u017cliwo\u015bciach i pochodz\u0105cym ze \u015brodowisk defaworyzowanych w dokonaniu pozytywnych zmian w ich \u017cyciu poprzez zapewnienie mo\u017cliwo\u015bci edukacyjnych, wsparcia spo\u0142ecznego, informacji i porad.<\/p>\n<p>Od momentu powstania SIF pracuje z r\u00f3\u017cnymi grupami spo\u0142ecznie pokrzywdzonymi: d\u0142ugotrwale bezrobotnymi, niepe\u0142nosprawnymi, samotnymi rodzicami, migrantami, lud\u017ami z odleg\u0142ych obszar\u00f3w, kobietami, kt\u00f3re do\u015bwiadczy\u0142y przemocy domowej. SIF zapewnia pomoc i wsparcie dla os\u00f3b doros\u0142ych o niskich kwalifikacjach, maj\u0105cych mniejsze szanse w spo\u0142ecze\u0144stwie i na rynku pracy, ze szczeg\u00f3lnym uwzgl\u0119dnieniem kobiet. Jego celem jest wspieranie ich integracji spo\u0142ecznej, zdolno\u015bci do zatrudnienia i przedsi\u0119biorczo\u015bci poprzez szkolenia, doradztwo, coaching i us\u0142ugi mentorskie, jak r\u00f3wnie\u017c przyczynianie si\u0119 do ich wzmocnienia i budowania ich zdolno\u015bci do bycia kompetentnymi i odnosz\u0105cymi sukcesy na rynku pracy. SIF ma do\u015bwiadczenie w wykorzystywaniu technologii informacyjno-komunikacyjnych w procesie szkolenia\/uczenia si\u0119 i ma do\u015bwiadczenie w tworzeniu metod szkoleniowych ukierunkowanych na rozw\u00f3j umiej\u0119tno\u015bci cyfrowych, kreatywnego my\u015blenia i g\u0142\u00f3wnych kompetencji w zakresie zatrudnialno\u015bci i integracji spo\u0142ecznej.<\/p>\n<p>SIF dzia\u0142a na poziomie spo\u0142eczno\u015bci, krajowym i europejskim\/mi\u0119dzynarodowym i od 1994 roku zrealizowa\u0142 ponad 100 projekt\u00f3w europejskich, krajowych i mi\u0119dzynarodowych zar\u00f3wno jako koordynator i\/lub partner.<\/p>\n<p><strong>Strona internetowa:<\/strong><\/p>\n<p><a href=\"https:\/\/lpf.lt\">https:\/\/lpf.lt<\/a><\/p>\n<p><strong>Media spo\u0142eczno\u015bciowe:<\/strong><\/p>\n<p>Facebook: <a href=\"https:\/\/www.facebook.com\/SocialInnovationFund\/\">https:\/\/www.facebook.com\/SocialInnovationFund\/<\/a><\/p>\n<hr \/>\n<h3 style=\"text-align: center;\"><img loading=\"lazy\" decoding=\"async\" class=\"alignnone wp-image-84 size-full\" src=\"https:\/\/aid-kit.erasmus.site\/wp-content\/uploads\/2022\/07\/mht.png\" alt=\"\" width=\"300\" height=\"300\" srcset=\"https:\/\/aid-kit.erasmus.site\/wp-content\/uploads\/2022\/07\/mht.png 300w, https:\/\/aid-kit.erasmus.site\/wp-content\/uploads\/2022\/07\/mht-150x150.png 150w, https:\/\/aid-kit.erasmus.site\/wp-content\/uploads\/2022\/07\/mht-24x24.png 24w, https:\/\/aid-kit.erasmus.site\/wp-content\/uploads\/2022\/07\/mht-36x36.png 36w, https:\/\/aid-kit.erasmus.site\/wp-content\/uploads\/2022\/07\/mht-48x48.png 48w\" sizes=\"(max-width: 300px) 100vw, 300px\" \/><br \/>\n<strong>MHT Consult APS<\/strong><\/h3>\n<p>mhtconsult jest prywatn\u0105 i niezale\u017cn\u0105 organizacj\u0105 badawczo-rozwojow\u0105, za\u0142o\u017con\u0105 w grudniu 2000 roku w du\u0144skim regionie sto\u0142ecznym. Mhtconsult funkcjonuje jako organizacja sieciowa, wykonuj\u0105c zadania i zlecenia w \u015bcis\u0142ej interakcji z niezale\u017cnymi senior frelancerami lub organizacjami partnerskimi w solidnej sieci, dzi\u0119ki czemu mamy do dyspozycji szeroki zakres kompetencji podstawowych. Portfolio organizacji obejmuje setki projekt\u00f3w, pocz\u0105wszy od wieloletnich projekt\u00f3w rozwojowych i du\u017cych ewaluacji program\u00f3w, poprzez badania naukowe, a\u017c po d\u0142ugoterminowe i kr\u00f3tkoterminowe programy nauczania\/szkolenia\/uczenia si\u0119, u\u0142atwianie rozwoju organizacyjnego itp. Wi\u0119kszo\u015b\u0107 zada\u0144 jest obszernie dokumentowana poprzez raporty z bada\u0144, katalogi metodologiczne, podr\u0119czniki i zestawy narz\u0119dzi dla profesjonalist\u00f3w itp.<\/p>\n<p>Na poziomie krajowym, klientela obejmowa\u0142a szeroki zakres organizacji i interesariuszy, takich jak departamenty rz\u0105dowe i krajowe agencje publiczne, organy doradcze, w\u0142adze regionalne, gminy, centra pracy i stowarzyszenia pracodawc\u00f3w, zwi\u0105zki zawodowe, instytucje edukacyjne i centra j\u0119zykowe, organizacje pozarz\u0105dowe itp. Na poziomie ponadnarodowym, mhtconsult bra\u0142 udzia\u0142 zar\u00f3wno jako koordynator jak i partner w wielu strategicznych partnerstwach i mobilno\u015bciach, wsp\u00f3\u0142finansowanych przez Komisj\u0119 Europejsk\u0105, a tak\u017ce dzia\u0142a\u0142 jako zewn\u0119trzny ewaluator w kilku projektach UE.<\/p>\n<p>Opieraj\u0105c si\u0119 na kluczowych warto\u015bciach r\u00f3\u017cnorodno\u015bci i r\u00f3wno\u015bci obywatelskiej, mhtconsult zawsze d\u0105\u017cy\u0142a do zbudowania mostu pomi\u0119dzy badaniami i wiedz\u0105 analityczn\u0105 z jednej strony &#8211; a z drugiej strony praktykami i metodologiami uczenia si\u0119\/nauczania\/szkolenia w ramach szerokiego zakresu typ\u00f3w us\u0142ug i obszar\u00f3w zawodowych, w tym:<\/p>\n<p><strong>Us\u0142ugi:<\/strong><\/p>\n<ul>\n<li>Badania, ewaluacja, analizy i raporty<\/li>\n<li>Rozw\u00f3j i dokumentacja metodologii pedagogicznych\/dydaktycznych i zestaw\u00f3w narz\u0119dzi<\/li>\n<li>Programy edukacyjne, procesy nauczania\/szkolenia\/uczenia si\u0119 i facylitacja<\/li>\n<li>Doradztwo, wyja\u015bnianie kompetencji i mentoring<\/li>\n<li>Rozw\u00f3j projekt\u00f3w, zarz\u0105dzanie i organizacyjne uczenie si\u0119<\/li>\n<\/ul>\n<p><strong>Obszary zawodowe:<\/strong><\/p>\n<ul>\n<li>Integracja, komunikacja mi\u0119dzykulturowa i zarz\u0105dzanie r\u00f3\u017cnorodno\u015bci\u0105<\/li>\n<li>R\u00f3wne obywatelstwo, r\u00f3wne szanse, antydyskryminacja, dialog demokratyczny i krytyczny<\/li>\n<li>Metodologie rozwoju kompetencji w odniesieniu do edukacji nieformalnej, pozaformalnej i formalnej<\/li>\n<li>Upodmiotowienie zagro\u017conej m\u0142odzie\u017cy i doros\u0142ych w \u017cyciu zawodowym i kontekstach spo\u0142ecznych.<\/li>\n<li>Integracyjny rynek pracy, w tym umiej\u0119tno\u015bci cyfrowe i przedsi\u0119biorcze dla grup w trudnej sytuacji spo\u0142ecznej<\/li>\n<li>Rozw\u00f3j opieki spo\u0142ecznej poprzez partnerstwa mi\u0119dzy sektorem publicznym, prywatnym i wolontariatem<\/li>\n<\/ul>\n<p><strong>Strona internetowa:<\/strong> https:\/\/<a href=\"http:\/\/www.mhtconsult.dk\">www.mhtconsult.dk<\/a><\/p>\n<p><strong>LinkedIn<\/strong>: https:\/\/<a href=\"http:\/\/www.linkedin.com\/in\/margit-helle-thomsen-mhtconsult-42652642\">www.linkedin.com\/in\/margit-helle-thomsen-mhtconsult-42652642<\/a><\/p>\n<p><strong>Facebook 1)<\/strong>: <a href=\"https:\/\/www.facebook.com\/mhtconsult\">https:\/\/www.facebook.com\/mhtconsult<\/a><\/p>\n<p><strong>Facebook 2)<\/strong>: <a href=\"https:\/\/www.facebook.com\/margithelle.thomsen\">https:\/\/www.facebook.com\/margithelle.thomsen<\/a><\/p>","protected":false},"excerpt":{"rendered":"<p>Iberika Education Group GGMBH (Koordynator projektu) iberika education group gGmbH, jest prywatn\u0105 firm\u0105 non-profit zajmuj\u0105c\u0105 si\u0119 edukacj\u0105 doros\u0142ych z siedzib\u0105 w Berlinie, Niemcy. Za\u0142o\u017cona w 1996 roku, iberika ma bogate do\u015bwiadczenie w nabywaniu j\u0119zyk\u00f3w i zarz\u0105dzaniu projektami europejskimi. Jednym z trzech g\u0142\u00f3wnych filar\u00f3w iberiki jest opracowywanie i wdra\u017canie strategii uczenia si\u0119 i nauczania j\u0119zyk\u00f3w obcych&hellip;&nbsp;<\/p>\n","protected":false},"author":1,"featured_media":0,"parent":0,"menu_order":0,"comment_status":"closed","ping_status":"closed","template":"","meta":{"neve_meta_sidebar":"","neve_meta_container":"","neve_meta_enable_content_width":"off","neve_meta_content_width":100,"neve_meta_title_alignment":"","neve_meta_author_avatar":"","neve_post_elements_order":"","neve_meta_disable_header":"","neve_meta_disable_footer":"","neve_meta_disable_title":"","footnotes":""},"class_list":["post-88","page","type-page","status-publish","hentry"],"_links":{"self":[{"href":"https:\/\/aid-kit.erasmus.site\/pl\/wp-json\/wp\/v2\/pages\/88","targetHints":{"allow":["GET"]}}],"collection":[{"href":"https:\/\/aid-kit.erasmus.site\/pl\/wp-json\/wp\/v2\/pages"}],"about":[{"href":"https:\/\/aid-kit.erasmus.site\/pl\/wp-json\/wp\/v2\/types\/page"}],"author":[{"embeddable":true,"href":"https:\/\/aid-kit.erasmus.site\/pl\/wp-json\/wp\/v2\/users\/1"}],"replies":[{"embeddable":true,"href":"https:\/\/aid-kit.erasmus.site\/pl\/wp-json\/wp\/v2\/comments?post=88"}],"version-history":[{"count":12,"href":"https:\/\/aid-kit.erasmus.site\/pl\/wp-json\/wp\/v2\/pages\/88\/revisions"}],"predecessor-version":[{"id":359,"href":"https:\/\/aid-kit.erasmus.site\/pl\/wp-json\/wp\/v2\/pages\/88\/revisions\/359"}],"wp:attachment":[{"href":"https:\/\/aid-kit.erasmus.site\/pl\/wp-json\/wp\/v2\/media?parent=88"}],"curies":[{"name":"wp","href":"https:\/\/api.w.org\/{rel}","templated":true}]}}