{"id":88,"date":"2022-07-19T14:25:18","date_gmt":"2022-07-19T14:25:18","guid":{"rendered":"https:\/\/aid-kit.erasmus.site\/?page_id=88"},"modified":"2024-01-16T11:06:06","modified_gmt":"2024-01-16T11:06:06","slug":"partners","status":"publish","type":"page","link":"https:\/\/aid-kit.erasmus.site\/ro\/partners\/","title":{"rendered":"Parteneri"},"content":{"rendered":"<p><\/p>\n<h3 style=\"text-align: center;\"><img fetchpriority=\"high\" decoding=\"async\" class=\"size-full wp-image-61 aligncenter\" src=\"https:\/\/aid-kit.erasmus.site\/wp-content\/uploads\/2022\/07\/iberika.png\" alt=\"\" width=\"300\" height=\"300\" srcset=\"https:\/\/aid-kit.erasmus.site\/wp-content\/uploads\/2022\/07\/iberika.png 300w, https:\/\/aid-kit.erasmus.site\/wp-content\/uploads\/2022\/07\/iberika-150x150.png 150w, https:\/\/aid-kit.erasmus.site\/wp-content\/uploads\/2022\/07\/iberika-24x24.png 24w, https:\/\/aid-kit.erasmus.site\/wp-content\/uploads\/2022\/07\/iberika-36x36.png 36w, https:\/\/aid-kit.erasmus.site\/wp-content\/uploads\/2022\/07\/iberika-48x48.png 48w\" sizes=\"(max-width: 300px) 100vw, 300px\" \/><br \/>\nIberika Educational Group GGMBH (Coordonator Proiect)<\/h3>\n<p>Iberika Education group gGMBH este o institu\u0163ie non-profit furnizoare de cursuri pentru adul\u0163i bazat\u0103 \u00een Berlin, Germania. Fondat\u0103 \u00een 1996, Iberika are experien\u0163\u0103 vast\u0103 \u00een achizi\u0163ionarea limbilor str\u0103ine \u015fi \u00een managementul proiectelor Europene.<br \/>\nPrincipala activitate a Iberika este dezvoltarea \u015fi implementarea metodelor inovative \u00een achizi\u0163ionarea unor limbi str\u0103ine \u015fi strategii de predare bazate pe instrumente digitale.<br \/>\nIberika organizeaz\u0103 \u015fi implementeaz\u0103 cursuri, seminarii, workshopuri, meetinguri \u015fi discu\u0163ii publice despre metode de predare\/ \u00eenv\u0103\u0163are, strategii de motivare pentru traineri \u015fi cursan\u0163i, respectiv dezvoltarea \u015fi implementarea aspectelor extracurriculare.<br \/>\nIberika a dezvoltat \u015fi implementat curriculumuri pentru o varietate de subiecte \u00eencep\u00e2nd din anul 2001.<br \/>\nAceast\u0103 insitu\u0163ie se ocup\u0103 de proiecte europene din anul 2007, dezvolt\u00e2nd o re\u0163ea de institu\u0163ii partenere cu care are experien\u0163e de success \u00een aplicare, rapoarte, diseminare \u015fi evaluare. \u00cen anii anteriori Iberika a participat la numeroase proiecte multilaterale \u00een cadrul &#8222;Lifelong Learning Programme&#8221; \u015fi \u00een contextul Erasmus+, pun\u00e2nd accentul pe dezvoltarea educa\u0163iei adul\u0163ilor.<br \/>\nInstitu\u0163ia coopereaz\u0103 cu Federal Office for Migration and Refugees \u015fi ofer\u0103 cursuri de limba german\u0103 pentru integrarea migran\u0163ilor \u00een Germania. Cursurile de limbi se organizeaz\u0103 la fiecare nivel, inclusiv C1, materialul predat con\u0163ine cuno\u015ftin\u0163e interculturale \u015fi promoveaz\u0103 integrarea profesional\u0103.<br \/>\nObiectivul principal al lui Iberika este de a promova educa\u0163ia, a spori toleran\u0163a \u015fi a motiva trainerii \u015fi cursan\u0163ii pentru a \u00eenv\u0103\u0163a continuu.<\/p>\n<p><strong>Website: <\/strong><\/p>\n<p><a href=\"https:\/\/www.iberika-online.eu\/\">https:\/\/www.iberika-online.eu\/<\/a><\/p>\n<p><strong>Social Media:<\/strong><\/p>\n<p>Facebook: <a href=\"https:\/\/www.facebook.com\/berlin.iberika\">https:\/\/www.facebook.com\/berlin.iberika<\/a><\/p>\n<p>Instagram: <a href=\"https:\/\/www.instagram.com\/iberika_berlin\/\">https:\/\/www.instagram.com\/iberika_berlin\/<\/a><\/p>\n<p>Twitter: <a href=\"https:\/\/twitter.com\/iberika_berlin\">https:\/\/twitter.com\/iberika_berlin<\/a><\/p>\n<hr \/>\n<h3 style=\"text-align: center;\"><img decoding=\"async\" class=\"aligncenter wp-image-68 size-full\" src=\"https:\/\/aid-kit.erasmus.site\/wp-content\/uploads\/2022\/07\/danmar.png\" alt=\"\" width=\"300\" height=\"300\" srcset=\"https:\/\/aid-kit.erasmus.site\/wp-content\/uploads\/2022\/07\/danmar.png 300w, https:\/\/aid-kit.erasmus.site\/wp-content\/uploads\/2022\/07\/danmar-150x150.png 150w, https:\/\/aid-kit.erasmus.site\/wp-content\/uploads\/2022\/07\/danmar-24x24.png 24w, https:\/\/aid-kit.erasmus.site\/wp-content\/uploads\/2022\/07\/danmar-36x36.png 36w, https:\/\/aid-kit.erasmus.site\/wp-content\/uploads\/2022\/07\/danmar-48x48.png 48w\" sizes=\"(max-width: 300px) 100vw, 300px\" \/><br \/>\nDanmar Computers &#8211; Polonia<\/h3>\n<p>Danmar Computers LCC este o companie privat\u0103, care furnizeaz\u0103 training voca\u0163ional \u00een teritoriul technologiei informa\u0163iei. Danmar are experien\u0163\u0103 \u00een dezvoltarea aplica\u0163iilor moderne de telefon \u015fi web pentru scopuri educative.<br \/>\nInstitu\u0163ia are experien\u0163\u0103 de lung\u0103 durat\u0103 \u015fi \u00een implementarea proiectelor europene. Angaja\u0163ii departamentul R&amp;D cerceteaz\u0103 continuu \u015fi genereaz\u0103 traininguri personalizate, bazate pe nevoile cursan\u0163ilor.<br \/>\nPe parcursul celor 22 de ani Danmar a implementat peste 100 de proiecte de succes \u00een cadrul programelor Grundvig, Leonardo da Vinci, Progress \u015fi Erasmus+. Danmar era responsabil pentru coordonarea strategiei de diseminare \u00een mai multe proiecte.<\/p>\n<p>Danmar Computers este dezvoltatorul \u015fi furnizorul platformei &#8222;AdminProjects&#8221;, sistemul de management online pentru proiecte europene. Toate activit\u0103\u0163ile insitu\u0163iei sunt bazate pe o re\u0163ea de cooperare la nivel na\u0163ional \u015fi interna\u0163ional, care include insitu\u0163ii de training \u015fi consiliere, universit\u0103\u0163i, \u015fcoli, organiza\u0163ii non-guvernamentale \u015fi companii din sectorul privat. Partenerii interna\u0163ionali provin din numeroase \u0163\u0103ri al Uniunii Europene.<br \/>\nMisiunea principal\u0103 a Danmar Computers este promovarea \u00eenv\u0103\u0163\u0103rii permanente \u015fi asigurarea accesului pentru educa\u0163ie pentru toat\u0103 lumea folosind tehnologia modern\u0103.<\/p>\n<p><strong>Website: <\/strong><\/p>\n<p><a href=\"https:\/\/danmar-computers.com.pl\">https:\/\/danmar-computers.com.pl<\/a><\/p>\n<p><strong>Social Media:<\/strong><\/p>\n<p>Facebook: <a href=\"https:\/\/www.facebook.com\/pages\/Danmar-Computers\/144597388897753\">https:\/\/www.facebook.com\/pages\/Danmar-Computers\/144597388897753<\/a><\/p>\n<p>LinkedIn: <a href=\"https:\/\/www.linkedin.com\/company\/danmar-computers\">https:\/\/www.linkedin.com\/company\/danmar-computers<\/a><\/p>\n<p>Twitter: <a href=\"https:\/\/twitter.com\/DanmarComputers\">https:\/\/twitter.com\/DanmarComputers<\/a><\/p>\n<hr \/>\n<h3 style=\"text-align: center;\"><img decoding=\"async\" class=\"alignnone wp-image-81 size-full\" src=\"https:\/\/aid-kit.erasmus.site\/wp-content\/uploads\/2022\/07\/bridge.png\" alt=\"\" width=\"300\" height=\"300\" srcset=\"https:\/\/aid-kit.erasmus.site\/wp-content\/uploads\/2022\/07\/bridge.png 300w, https:\/\/aid-kit.erasmus.site\/wp-content\/uploads\/2022\/07\/bridge-150x150.png 150w, https:\/\/aid-kit.erasmus.site\/wp-content\/uploads\/2022\/07\/bridge-24x24.png 24w, https:\/\/aid-kit.erasmus.site\/wp-content\/uploads\/2022\/07\/bridge-36x36.png 36w, https:\/\/aid-kit.erasmus.site\/wp-content\/uploads\/2022\/07\/bridge-48x48.png 48w\" sizes=\"(max-width: 300px) 100vw, 300px\" \/><br \/>\n<strong>Asociatia Bridge Language Study House<\/strong><\/h3>\n<p><a href=\"https:\/\/www.blsh.ro\/\">Bridge Language Study House Association<\/a>\u00a0este o asocia\u0163ia non-profit, non-guvernamental\u0103 fondat\u0103 \u00een 2002 \u00een Cluj-Napoca.<\/p>\n<p>BLSH efectuaz\u0103 o varietate de activit\u0103\u0163i legate de educa\u0163ia adul\u0163ilor, copiiilor \u015fi educa\u0163ia voca\u0163ional\u0103: cursuri de limbi generale, dedicate adul\u0163ilor, examene de limbi interna\u0163ionale, traininguri de limbi in-house; cursuri de limbi \u015fi robotic\u0103 pentru copii \u00een form\u0103 de program afterschool; programe de formare pentru profesori, inclusiv cursuri Erasmus+.<br \/>\nBLSH particip\u0103 \u00een mod regular la proiecte locale \u015fi europene, inclusiv parteneriate strategice Erasmus+.<\/p>\n<hr \/>\n<h3 style=\"text-align: center;\"><img loading=\"lazy\" decoding=\"async\" class=\"alignnone wp-image-82 size-full\" src=\"https:\/\/aid-kit.erasmus.site\/wp-content\/uploads\/2022\/07\/sif.png\" alt=\"\" width=\"300\" height=\"300\" srcset=\"https:\/\/aid-kit.erasmus.site\/wp-content\/uploads\/2022\/07\/sif.png 300w, https:\/\/aid-kit.erasmus.site\/wp-content\/uploads\/2022\/07\/sif-150x150.png 150w, https:\/\/aid-kit.erasmus.site\/wp-content\/uploads\/2022\/07\/sif-24x24.png 24w, https:\/\/aid-kit.erasmus.site\/wp-content\/uploads\/2022\/07\/sif-36x36.png 36w, https:\/\/aid-kit.erasmus.site\/wp-content\/uploads\/2022\/07\/sif-48x48.png 48w\" sizes=\"(max-width: 300px) 100vw, 300px\" \/><br \/>\n<strong>Socialiniu Inovaciju Fondas<\/strong><\/h3>\n<p>Social Innovation Fund este o institu\u0163ie non-guvernamental\u0103, fondat\u0103 \u00een 1994. Institu\u0163ia lupt\u0103 pentru<br \/>\na asista oamenii cu mai pu\u0163ine oportunit\u0103\u0163i \u00een oferirea unor oportunit\u0103\u0163i educa\u0163ionale, suport social, informa\u0163ie \u015fi consiliere.<br \/>\nDin momentul \u00eenfiin\u021b\u0103rii, SIF colaboreaz\u0103 cu diferite grupuri dezavantajate din punc de vedere social: neangaja\u021bi, oameni cu dizabilit\u0103\u021bi, migran\u021bi, oameni din zone mai izolate, femei victime al violen\u021bei domestice.<br \/>\nSIF ofer\u0103 ajutor \u0219i asisten\u021b\u0103 pentru adul\u021bii f\u0103r\u0103 profesie \u0219i cu oportunit\u0103\u021bi mai limitate pe pia\u021ba muncii, pun\u00e2nd accentul pe femei. Obiectivul principal al institu\u021biei este s\u0103 contribuie la incluziunea lor social\u0103, angajabilitate \u0219i antreprenoriat furniz\u00e2nd programe de training, servicii de mentorat, consiliere \u0219i dezvolt\u00e2nd capacitatea acestora de a deveni competen\u021bi pe pia\u021ba de munc\u0103.<br \/>\nSIF are experien\u021b\u0103 \u00een folosirea metodei ICT \u0219i implementarea acestora \u00een procesele de training iar metodele folosite sunt bazate pe dezvoltarea competen\u021belor digitale, g\u00e2ndirea creativ\u0103 \u0219i alte competen\u021be esen\u021biale pentru incluziune.<\/p>\n<p>SIF \u00ee\u0219i dezvolt\u0103 activit\u0103\u021bile pe plan local, na\u021bional \u0219i european\/interna\u021bional \u00eencep\u00e2nd de 1994, de c\u00e2nd a implementat peste 100 de proiecte europene, na\u021bionale \u0219i interna\u021bionale ca \u0219i coordonator sau partener.<\/p>\n<p><strong>Website: <\/strong><\/p>\n<p><a href=\"https:\/\/lpf.lt\">https:\/\/lpf.lt<\/a><\/p>\n<p><strong>Social Media:<\/strong><\/p>\n<p>Facebook: <a href=\"https:\/\/www.facebook.com\/SocialInnovationFund\/\">https:\/\/www.facebook.com\/SocialInnovationFund\/<\/a><\/p>\n<hr \/>\n<h3 style=\"text-align: center;\"><img loading=\"lazy\" decoding=\"async\" class=\"alignnone wp-image-84 size-full\" src=\"https:\/\/aid-kit.erasmus.site\/wp-content\/uploads\/2022\/07\/mht.png\" alt=\"\" width=\"300\" height=\"300\" srcset=\"https:\/\/aid-kit.erasmus.site\/wp-content\/uploads\/2022\/07\/mht.png 300w, https:\/\/aid-kit.erasmus.site\/wp-content\/uploads\/2022\/07\/mht-150x150.png 150w, https:\/\/aid-kit.erasmus.site\/wp-content\/uploads\/2022\/07\/mht-24x24.png 24w, https:\/\/aid-kit.erasmus.site\/wp-content\/uploads\/2022\/07\/mht-36x36.png 36w, https:\/\/aid-kit.erasmus.site\/wp-content\/uploads\/2022\/07\/mht-48x48.png 48w\" sizes=\"(max-width: 300px) 100vw, 300px\" \/><br \/>\n<strong>MHT Consult APS<\/strong><\/h3>\n<p>Mhtconsult este o organiza\u021bie de cercetare \u0219i dezvoltare independent\u0103, fondat\u0103 \u00een 2000 \u00een regiunea capital\u0103 din Danemarca. Mhtconsult func\u021bioneaz\u0103 ca o organiza\u021bie umbrel\u0103 colabor\u00e2nd cu liberi profesioni\u015fti experimenta\u0163i \u015fi cu organiza\u021bii partenere, a\u0219a c\u0103 are o varietate de competen\u021be de oferit.<br \/>\nPortofoliul institu\u0163iei con\u021bine sute de proiecte de dezvoltare, proiecte de cercetare \u0219tiin\u021bific\u0103, programe de \u00eenv\u0103\u021bare, respectiv facilitarea dezvolt\u0103rii organiza\u021bionale. Proiectele sunt bine documentate cu rapoarte de cercetare , cataloage metodologice, ghiduri \u015fi handbook-uri pentru profesioni\u015fti.<\/p>\n<p>La nivel na\u0163ional avem o varietate de clien\u0163i, de exemplu departamente guvernamentale, agen\u0163ii publice na\u0163ionale, autorit\u0103\u0163i regionale, asocia\u0163ii de angajament, centre de joburi, insitu\u0163ii educa\u0163ionale, centre de limbi, organiza\u0163ii non-profit etc.<br \/>\nLa nivel transna\u0163ional mhtconsult a luat parte ca \u015fi coordinator sau partener \u00een mai multe proiecte co-finan\u0163ate de Comisia European\u0103. Institu\u0163ia a func\u0163ionat \u015fi ca evaluator extern \u00een diverse proiecte europene.<\/p>\n<p>Obiectivul insitu\u0163iei este combinarea eficient\u0103 a cercet\u0103rii \u015fi a cuno\u015ftin\u0163elor analitice cu practici de \u00eenv\u0103\u0163are, predare sau formare.<\/p>\n<p><strong>Servicii:<\/strong><\/p>\n<ul>\n<li>Cercetare, evaluare, analiz\u0103 \u015fi rapoarte<\/li>\n<li>Dezvoltarea unor metodologii pedagogice \u015fi instrumente de \u00eenv\u0103\u0163are digitale<\/li>\n<li>Programe educative, procese de predare\/training\/procese de \u00eenv\u0103\u0163are \u015fi facilitare<\/li>\n<li>Consiliere, dezvoltarea competen\u0163elor \u015fi mentorat<\/li>\n<li>Dezvoltarea proiectelor, management \u015fi \u00eenv\u0103\u0163are la nivel organiza\u0163ional<\/li>\n<\/ul>\n<p>Domenii de ac\u0163iune:<\/p>\n<ul>\n<li>Integrare, comunicare intercultural\u0103 \u015fi managementul diversit\u0103\u0163ii<\/li>\n<li>Cet\u0103\u0163enie, oportunit\u0103\u0163i egale, dialog democratic, antidiscrimina\u0163ie, dialog critic<\/li>\n<li>Metodologii pentru competen\u0163e legate de educa\u0163ie informal\u0103, nonformal\u0103 \u015fi formal\u0103<\/li>\n<li>\u00cencurajarea \u015fi preg\u0103tirea grupurilor de adul\u0163i \u015fi tineri vulnerabili \u00een contexte sociale \u015fi pe pia\u0163a de munc\u0103<\/li>\n<li>Pia\u0163\u0103 de munc\u0103 inclusiv\u0103, competen\u0163e digitale \u015fi de antreprenoriat pentru grupurile vulnerabile<\/li>\n<li>Dezvoltarea bun\u0103st\u0103rii prin parteneriate \u00een sectoare publice, private \u015fi voluntare<\/li>\n<\/ul>\n<p><strong>Website<\/strong>: https:\/\/<a href=\"http:\/\/www.mhtconsult.dk\">www.mhtconsult.dk<\/a><\/p>\n<p><strong>LinkedIn<\/strong>: https:\/\/<a href=\"http:\/\/www.linkedin.com\/in\/margit-helle-thomsen-mhtconsult-42652642\">www.linkedin.com\/in\/margit-helle-thomsen-mhtconsult-42652642<\/a><\/p>\n<p><strong>Facebook 1)<\/strong>: <a href=\"https:\/\/www.facebook.com\/mhtconsult\">https:\/\/www.facebook.com\/mhtconsult<\/a><\/p>\n<p><strong>Facebook 2)<\/strong>: <a href=\"https:\/\/www.facebook.com\/margithelle.thomsen\">https:\/\/www.facebook.com\/margithelle.thomsen<\/a><\/p>","protected":false},"excerpt":{"rendered":"<p>Iberika Educational Group GGMBH (Coordonator Proiect) Iberika Education group gGMBH este o institu\u0163ie non-profit furnizoare de cursuri pentru adul\u0163i bazat\u0103 \u00een Berlin, Germania. Fondat\u0103 \u00een 1996, Iberika are experien\u0163\u0103 vast\u0103 \u00een achizi\u0163ionarea limbilor str\u0103ine \u015fi \u00een managementul proiectelor Europene. Principala activitate a Iberika este dezvoltarea \u015fi implementarea metodelor inovative \u00een achizi\u0163ionarea unor limbi str\u0103ine \u015fi&hellip;&nbsp;<\/p>\n","protected":false},"author":1,"featured_media":0,"parent":0,"menu_order":0,"comment_status":"closed","ping_status":"closed","template":"","meta":{"neve_meta_sidebar":"","neve_meta_container":"","neve_meta_enable_content_width":"off","neve_meta_content_width":100,"neve_meta_title_alignment":"","neve_meta_author_avatar":"","neve_post_elements_order":"","neve_meta_disable_header":"","neve_meta_disable_footer":"","neve_meta_disable_title":"","footnotes":""},"class_list":["post-88","page","type-page","status-publish","hentry"],"_links":{"self":[{"href":"https:\/\/aid-kit.erasmus.site\/ro\/wp-json\/wp\/v2\/pages\/88","targetHints":{"allow":["GET"]}}],"collection":[{"href":"https:\/\/aid-kit.erasmus.site\/ro\/wp-json\/wp\/v2\/pages"}],"about":[{"href":"https:\/\/aid-kit.erasmus.site\/ro\/wp-json\/wp\/v2\/types\/page"}],"author":[{"embeddable":true,"href":"https:\/\/aid-kit.erasmus.site\/ro\/wp-json\/wp\/v2\/users\/1"}],"replies":[{"embeddable":true,"href":"https:\/\/aid-kit.erasmus.site\/ro\/wp-json\/wp\/v2\/comments?post=88"}],"version-history":[{"count":12,"href":"https:\/\/aid-kit.erasmus.site\/ro\/wp-json\/wp\/v2\/pages\/88\/revisions"}],"predecessor-version":[{"id":359,"href":"https:\/\/aid-kit.erasmus.site\/ro\/wp-json\/wp\/v2\/pages\/88\/revisions\/359"}],"wp:attachment":[{"href":"https:\/\/aid-kit.erasmus.site\/ro\/wp-json\/wp\/v2\/media?parent=88"}],"curies":[{"name":"wp","href":"https:\/\/api.w.org\/{rel}","templated":true}]}}